{"id":9579,"date":"2020-07-07T22:40:53","date_gmt":"2020-07-07T20:40:53","guid":{"rendered":"https:\/\/augenklinik-bern.ch\/?page_id=9579"},"modified":"2024-08-29T10:33:35","modified_gmt":"2024-08-29T08:33:35","slug":"partners","status":"publish","type":"page","link":"https:\/\/augenklinik-bern.ch\/fr\/a-propos\/partners\/","title":{"rendered":"Partenaires"},"content":{"rendered":"\t<div class=\"grid-x grid-margin-x grid-padding-x block-bild-text le medium-margin-collapse\">\n\t  <div class=\"cell medium-4 large-4\">\n\t  \t\t\t\t\t\t\t\t\t\t<div class=\"singleImg\">\n\t\t\t\t\t\t<img decoding=\"async\" alt=\"\" title=\"\" class=\"bt-img\" src=\"https:\/\/augenklinik-bern.ch\/wp-content\/uploads\/BIELER-AUGENZENTRUM-300x300-1-300x300.png\" \/>\n\t\t\t\t\t\t<div class=\"singleImgCaption\"><\/div>\n\t\t\t\t\t<\/div>\n\t\t\t\t\t\t\t\t\n\t  \n\t  <\/div>\n\t  <div class=\"cell medium-8 large-8\"><h2>Centre ophtalmologique de Bienne<\/h2>\n<p>Nous travaillons en \u00e9troite collaboration avec le Centre ophtalmologique de Bienne, qui offre un large \u00e9ventail de possibilit\u00e9s d&rsquo;examens ambulatoires. Les op\u00e9rations telles que la cataracte ou le glaucome, ainsi que les urgences telles que le d\u00e9collement de la r\u00e9tine, sont trait\u00e9es en collaboration avec nous dans les plus brefs d\u00e9lais.<\/p>\n<p><a href=\"https:\/\/www.bieler-augenzentrum.ch\" target=\"_blank\" rel=\"noopener\">www.bieler-augenzentrum.ch<\/a><\/p>\n<\/div>\n\t<\/div>\n\n\n\t<div class=\"grid-x grid-margin-x grid-padding-x block-bild-text ri medium-margin-collapse\">\n\t  <div class=\"cell medium-8 large-8 small-order-2 medium-order-1\"><h2>Centre ophtalmologique de Berne<\/h2>\n<p>Le Centre ophtalmologique de Berne est situ\u00e9 \u00e0 proximit\u00e9 de la gare centrale de Berne. Les patients y obtiennent une \u00e9valuation claire de leur situation globale gr\u00e2ce \u00e0 des examens cibl\u00e9s. Sur cette base, la meilleure strat\u00e9gie de traitement possible est d\u00e9finie en tenant compte des besoins individuels des patients et le succ\u00e8s du traitement est \u00e9valu\u00e9. Les op\u00e9rations telles que la cataracte ou le glaucome, ainsi que les cas d&rsquo;urgence tels que le d\u00e9collement de la r\u00e9tine, sont trait\u00e9s en collaboration avec nous dans les plus brefs d\u00e9lais.<\/p>\n<p><a href=\"https:\/\/www.berner-augenzentrum.ch\" target=\"_blank\" rel=\"noopener\">www.berner-augenzentrum.ch<\/a><\/p>\n<\/div>\n\t  <div class=\"cell medium-4 large-4 small-order-1 medium-order-2\">\n\t  \t\t\t\t\t\t\t\t\t<div class=\"singleImg\">\n\t\t\t\t\t\t<img decoding=\"async\" alt=\"\" title=\"\" class=\"bt-img\" src=\"https:\/\/augenklinik-bern.ch\/wp-content\/uploads\/BERNER-AUGENZENTRUM-300x300-1-300x300-1.png\" \/>\n\t\t\t\t\t\t<div class=\"singleImgCaption\"><\/div>\n\t\t\t\t\t<\/div>\n\t\t\t\t\t\t\t\t\n\t  <\/div>\n\t<\/div>\n\n\n\t<div class=\"grid-x grid-margin-x grid-padding-x block-bild-text le medium-margin-collapse\">\n\t  <div class=\"cell medium-4 large-4\">\n\t  \t\t\t\t\t\t\t\t\t\t<div class=\"singleImg\">\n\t\t\t\t\t\t<img decoding=\"async\" alt=\"\" title=\"\" class=\"bt-img\" src=\"https:\/\/augenklinik-bern.ch\/wp-content\/uploads\/SWISS_EYE_INSTITUTE-1-300x300.jpg\" \/>\n\t\t\t\t\t\t<div class=\"singleImgCaption\"><\/div>\n\t\t\t\t\t<\/div>\n\t\t\t\t\t\t\t\t\n\t  \n\t  <\/div>\n\t  <div class=\"cell medium-8 large-8\"><h2>Swiss Eye Institute<\/h2>\n<p>R\u00e9alisation d&rsquo;\u00e9tudes nationales et internationales, recherche, d\u00e9veloppement, conseil et enseignement en ophtalmologie en coop\u00e9ration avec la clinique ophtalmologique de Berne \u00e0 l&rsquo;h\u00f4pital Lindenhof.<\/p>\n<p><a href=\"http:\/\/www.eye-institute.ch\" target=\"_blank\" rel=\"noopener\">www.eye-institute.ch<\/a><\/p>\n<\/div>\n\t<\/div>\n\n\n\t<div class=\"grid-x grid-margin-x grid-padding-x block-bild-text ri medium-margin-collapse\">\n\t  <div class=\"cell medium-8 large-8 small-order-2 medium-order-1\"><h2>NHC Connector AG<\/h2>\n<p>Entreprise informatique sp\u00e9cialis\u00e9e dans les solutions logicielles, le support informatique ainsi que l&rsquo;installation et la maintenance de reseaux informatiques, principalement dans le secteur m\u00e9dical.<\/p>\n<p><a href=\"https:\/\/www.nhc-connector.ch\" target=\"_blank\" rel=\"noopener\">www.nhc-connector.ch<\/a><\/p>\n<\/div>\n\t  <div class=\"cell medium-4 large-4 small-order-1 medium-order-2\">\n\t  \t\t\t\t\t\t\t\t\t<div class=\"singleImg\">\n\t\t\t\t\t\t<img decoding=\"async\" alt=\"\" title=\"\" class=\"bt-img\" src=\"https:\/\/augenklinik-bern.ch\/wp-content\/uploads\/nhcconnector-2-300x300.jpg\" \/>\n\t\t\t\t\t\t<div class=\"singleImgCaption\"><\/div>\n\t\t\t\t\t<\/div>\n\t\t\t\t\t\t\t\t\n\t  <\/div>\n\t<\/div>\n\n\n\t<div class=\"grid-x grid-margin-x grid-padding-x block-bild-text le medium-margin-collapse\">\n\t  <div class=\"cell medium-4 large-4\">\n\t  \t\t\t\t\t\t\t\t\t\t<div class=\"singleImg\">\n\t\t\t\t\t\t<img decoding=\"async\" alt=\"\" title=\"\" class=\"bt-img\" src=\"https:\/\/augenklinik-bern.ch\/wp-content\/uploads\/Lindenhofgruppe-2-300x300.jpg\" \/>\n\t\t\t\t\t\t<div class=\"singleImgCaption\"><\/div>\n\t\t\t\t\t<\/div>\n\t\t\t\t\t\t\t\t\n\t  \n\t  <\/div>\n\t  <div class=\"cell medium-8 large-8\"><h2>H\u00f4pital Lindenhof<\/h2>\n<p>Si le traitement ne peut \u00eatre effectu\u00e9 en ambulatoire, nos patients sont trait\u00e9s comme des patients hospitalis\u00e9s \u00e0 l&rsquo;h\u00f4pital Lindenhof. Pour les examens consulaires, nos m\u00e9decins de la clinique ophtalmologique sont appel\u00e9s de l&rsquo;h\u00f4pital Lindenhof.<\/p>\n<p><a href=\"https:\/\/www.lindenhofgruppe.ch\" target=\"_blank\" rel=\"noopener\">www.lindenhofgruppe.ch<\/a><\/p>\n<\/div>\n\t<\/div>\n\n\n\n<p class=\"teaser-text\">Fondation<\/p>\n\n\n\t<div class=\"grid-x grid-margin-x grid-padding-x block-bild-text ri medium-margin-collapse\">\n\t  <div class=\"cell medium-8 large-8 small-order-2 medium-order-1\"><h2>Fight4Sight Foundation<\/h2>\n<p><strong>Soutien \u00e0 des projets humanitaires en Suisse et \u00e0 l&rsquo;\u00e9tranger<\/strong><br \/>\nFocus : Cr\u00e9er un avenir et des perspectives pour les enfants, pr\u00e9vention et traitement des maladies oculaires dans le tiers-monde et le quart-monde, participation \u00e0 des projets humanitaires et \u00e0 des situations d&rsquo;urgence.<\/p>\n<p><a href=\"https:\/\/www.fight4sight.ch\" target=\"_blank\" rel=\"noopener\">www.fight4sight.ch<\/a><\/p>\n<\/div>\n\t  <div class=\"cell medium-4 large-4 small-order-1 medium-order-2\">\n\t  \t\t\t\t\t\t\t\t\t<div class=\"singleImg\">\n\t\t\t\t\t\t<img decoding=\"async\" alt=\"\" title=\"\" class=\"bt-img\" src=\"https:\/\/augenklinik-bern.ch\/wp-content\/uploads\/fightforsight-300x300.jpg\" \/>\n\t\t\t\t\t\t<div class=\"singleImgCaption\"><\/div>\n\t\t\t\t\t<\/div>\n\t\t\t\t\t\t\t\t\n\t  <\/div>\n\t<\/div>\n\n\n\n<!---<p class=\"teaser-text\">Membre de<\/p>--->\n","protected":false},"excerpt":{"rendered":"<p>Fondation<\/p>\n","protected":false},"author":3,"featured_media":0,"parent":7756,"menu_order":5,"comment_status":"closed","ping_status":"closed","template":"template-full-width-teaser.php","meta":{"_acf_changed":false,"footnotes":""},"class_list":["post-9579","page","type-page","status-publish","hentry"],"acf":[],"_links":{"self":[{"href":"https:\/\/augenklinik-bern.ch\/fr\/wp-json\/wp\/v2\/pages\/9579","targetHints":{"allow":["GET"]}}],"collection":[{"href":"https:\/\/augenklinik-bern.ch\/fr\/wp-json\/wp\/v2\/pages"}],"about":[{"href":"https:\/\/augenklinik-bern.ch\/fr\/wp-json\/wp\/v2\/types\/page"}],"author":[{"embeddable":true,"href":"https:\/\/augenklinik-bern.ch\/fr\/wp-json\/wp\/v2\/users\/3"}],"replies":[{"embeddable":true,"href":"https:\/\/augenklinik-bern.ch\/fr\/wp-json\/wp\/v2\/comments?post=9579"}],"version-history":[{"count":33,"href":"https:\/\/augenklinik-bern.ch\/fr\/wp-json\/wp\/v2\/pages\/9579\/revisions"}],"predecessor-version":[{"id":17827,"href":"https:\/\/augenklinik-bern.ch\/fr\/wp-json\/wp\/v2\/pages\/9579\/revisions\/17827"}],"up":[{"embeddable":true,"href":"https:\/\/augenklinik-bern.ch\/fr\/wp-json\/wp\/v2\/pages\/7756"}],"wp:attachment":[{"href":"https:\/\/augenklinik-bern.ch\/fr\/wp-json\/wp\/v2\/media?parent=9579"}],"curies":[{"name":"wp","href":"https:\/\/api.w.org\/{rel}","templated":true}]}}