{"id":9003,"date":"2019-11-05T11:59:43","date_gmt":"2019-11-05T09:59:43","guid":{"rendered":"https:\/\/augenklinik-bern.ch\/uber-uns\/eventail-des-prestations\/photodynamische-therapie\/"},"modified":"2020-06-10T20:44:03","modified_gmt":"2020-06-10T18:44:03","slug":"therapie-photodynamique","status":"publish","type":"page","link":"https:\/\/augenklinik-bern.ch\/fr\/a-propos\/eventail-des-prestations\/therapie-photodynamique\/","title":{"rendered":"Th\u00e9rapie photodynamique"},"content":{"rendered":"\n<h2 class=\"wp-block-heading\" id=\"oo1\"><strong>POUR QUELLES MALADIES EST-IL UTILIS\u00c9 ?<\/strong><\/h2>\n\n\n\n<p>La th\u00e9rapie photodynamique est une th\u00e9rapie \u00e9prouv\u00e9e et utilis\u00e9e depuis longtemps en ophtalmologie pour le traitement de la vascularisation sous-r\u00e9tinienne (traitement de la n\u00e9ovascularisation choro\u00efdienne dans la d\u00e9g\u00e9n\u00e9rescence maculaire li\u00e9e \u00e0 l&rsquo;\u00e2ge) ainsi que pour le traitement des pathologies des vaisseaux qui provoquent un d\u00e9collement du centre de la r\u00e9tine (choro\u00efdopathie s\u00e9reuse centrale). La th\u00e9rapie photodynamique peut \u00e9galement \u00eatre utilis\u00e9e pour traiter les tumeurs vasculaires (h\u00e9mangiomes, angiomes).<br><br>L&rsquo;avantage de cette technique est qu\u2019elle cible en profondeur le tissu malade, sans endommager la r\u00e9tine sus-jacente.<\/p>\n\n\n\n<h2 class=\"wp-block-heading\" id=\"oo2\"><strong>PROC\u00c9DURES DE TRAITEMENT<\/strong><\/h2>\n\n\n\n<p>Le diagnostic est \u00e9tabli, en premier lieu, \u00e0 l\u2019aide d\u2019un examen ophtalmologique et d\u2019une imagerie compl\u00e9mentaire par coloration (\u00ab\u00a0angiographie par fluorescence\u00a0\u00bb).<br>Pour le traitement au laser cibl\u00e9, un m\u00e9dicament, appel\u00e9 photosensibilisateur, est inject\u00e9 dans l&rsquo;organisme. Il sensibilise les tissus malades pour provoquer ainsi, \u00e0 l\u2019aide d\u2019un laser \u00e0 tr\u00e8s faible puissance et donc inoffensif pour les tissus environnants, une r\u00e9action qui contribue au traitement des probl\u00e8mes vasculaires. Sans ce m\u00e9dicament, il n\u2019y aurait aucun effet. Une canule veineuse est plac\u00e9e dans le bras pendant qu\u2019on dilate les pupilles. Une perfusion de Vert\u00e9porfine (Visudyne<sup>\u00ae<\/sup>) est administr\u00e9e. Elle dure environ 10 minutes et a lieu dans une pi\u00e8ce sombre.<br><br>Le colorant se diffuse dans tout le corps. Mais en ciblant uniquement la zone r\u00e9tinienne souhait\u00e9e avec la lumi\u00e8re rouge du laser, la r\u00e9action photophysique n&rsquo;est d\u00e9clench\u00e9e qu&rsquo;\u00e0 cet endroit. Cela entra\u00eene l&rsquo;obstruction des vaisseaux sanguins malades, qui r\u00e9gressent ensuite au fil des semaines. Cela arr\u00eate leur croissance et emp\u00eache le risque de saignement sous la r\u00e9tine.<br><br>Le traitement au laser d\u00e9bute environ 15 minutes apr\u00e8s la perfusion du m\u00e9dicament Vert\u00e9porfine. Le patient est assis devant l&rsquo;appareil laser sp\u00e9cial, par lequel le m\u00e9decin observe simultan\u00e9ment la r\u00e9tine. Les zones malades pr\u00e9c\u00e9demment d\u00e9finies \u00e0 l&rsquo;arri\u00e8re de l&rsquo;\u0153il, sont alors irradi\u00e9es au laser pendant 90 secondes. Le traitement est indolore.<\/p>\n\n\n\n<h2 class=\"wp-block-heading\" id=\"oo3\"><strong>COMMENT DEVEZ-VOUS VOUS COMPORTER APR\u00c8S LE TRAITEMENT ?<\/strong><\/h2>\n\n\n\n<p>Jusqu&rsquo;\u00e0 48 heures apr\u00e8s le traitement, toutes les zones de la peau et des yeux sont tr\u00e8s sensibles \u00e0 la lumi\u00e8re en raison de la photosensibilisation. Nous vous fournirons des lunettes de soleil, et vous devrez absolument prot\u00e9ger votre peau de la lumi\u00e8re en la couvrant le plus possible (la cr\u00e8me solaire ne suffit pas !) et \u00e9viter la lumi\u00e8re artificielle vive dans les pi\u00e8ces. La t\u00e9l\u00e9vision est autoris\u00e9e. Ces mesures de pr\u00e9caution doivent imp\u00e9rativement \u00eatre respect\u00e9es pendant les 48 premi\u00e8res heures suivant le traitement. Ce traitement ne doit pas \u00eatre utilis\u00e9 en cas d&rsquo;affections pr\u00e9existantes tr\u00e8s rares (porphyries, hypersensibilit\u00e9 \u00e0 la porphyrine), de maladie h\u00e9patique grave ou de maladie cardiaque importante.<\/p>\n\n\n\n<h2 class=\"wp-block-heading\" id=\"oo4\"><strong>PLUSIEURS TRAITEMENTS SONT-ILS N\u00c9CESSAIRES ?<\/strong><\/h2>\n\n\n\n<p>6 \u00e0 8 semaines apr\u00e8s le traitement, un contr\u00f4le de suivi est n\u00e9cessaire. S&rsquo;il y a une prolif\u00e9ration persistante de nouveaux vaisseaux sanguins, un second traitement doit \u00eatre effectu\u00e9. Le traitement peut \u00eatre r\u00e9p\u00e9t\u00e9 plusieurs fois. Les co\u00fbts du traitement sont g\u00e9n\u00e9ralement couverts par l&rsquo;assurance maladie.<\/p>\n","protected":false},"excerpt":{"rendered":"<p>POUR QUELLES MALADIES EST-IL UTILIS\u00c9 ? La th\u00e9rapie photodynamique est une th\u00e9rapie \u00e9prouv\u00e9e et utilis\u00e9e depuis longtemps en ophtalmologie pour le traitement de la vascularisation sous-r\u00e9tinienne (traitement de la n\u00e9ovascularisation choro\u00efdienne dans la d\u00e9g\u00e9n\u00e9rescence maculaire li\u00e9e \u00e0 l&rsquo;\u00e2ge) ainsi que pour le traitement des pathologies des vaisseaux qui provoquent un d\u00e9collement du centre de la<a class=\"excerpt-read-more\" href=\"https:\/\/augenklinik-bern.ch\/fr\/a-propos\/eventail-des-prestations\/therapie-photodynamique\/\" title=\"ReadTh\u00e9rapie photodynamique\">&#8230; Read more &raquo;<\/a><\/p>\n","protected":false},"author":2,"featured_media":8749,"parent":7890,"menu_order":14,"comment_status":"closed","ping_status":"closed","template":"template-full-width-teaser.php","meta":{"_acf_changed":false,"footnotes":""},"class_list":["post-9003","page","type-page","status-publish","has-post-thumbnail","hentry"],"acf":[],"_links":{"self":[{"href":"https:\/\/augenklinik-bern.ch\/fr\/wp-json\/wp\/v2\/pages\/9003","targetHints":{"allow":["GET"]}}],"collection":[{"href":"https:\/\/augenklinik-bern.ch\/fr\/wp-json\/wp\/v2\/pages"}],"about":[{"href":"https:\/\/augenklinik-bern.ch\/fr\/wp-json\/wp\/v2\/types\/page"}],"author":[{"embeddable":true,"href":"https:\/\/augenklinik-bern.ch\/fr\/wp-json\/wp\/v2\/users\/2"}],"replies":[{"embeddable":true,"href":"https:\/\/augenklinik-bern.ch\/fr\/wp-json\/wp\/v2\/comments?post=9003"}],"version-history":[{"count":4,"href":"https:\/\/augenklinik-bern.ch\/fr\/wp-json\/wp\/v2\/pages\/9003\/revisions"}],"predecessor-version":[{"id":9424,"href":"https:\/\/augenklinik-bern.ch\/fr\/wp-json\/wp\/v2\/pages\/9003\/revisions\/9424"}],"up":[{"embeddable":true,"href":"https:\/\/augenklinik-bern.ch\/fr\/wp-json\/wp\/v2\/pages\/7890"}],"wp:featuredmedia":[{"embeddable":true,"href":"https:\/\/augenklinik-bern.ch\/fr\/wp-json\/wp\/v2\/media\/8749"}],"wp:attachment":[{"href":"https:\/\/augenklinik-bern.ch\/fr\/wp-json\/wp\/v2\/media?parent=9003"}],"curies":[{"name":"wp","href":"https:\/\/api.w.org\/{rel}","templated":true}]}}