{"id":8997,"date":"2019-11-05T11:58:23","date_gmt":"2019-11-05T09:58:23","guid":{"rendered":"https:\/\/augenklinik-bern.ch\/uber-uns\/eventail-des-prestations\/laser-behandlung-bei-nachstar\/"},"modified":"2020-06-04T11:18:39","modified_gmt":"2020-06-04T09:18:39","slug":"traitement-au-laser-de-la-cataracte-secondaire","status":"publish","type":"page","link":"https:\/\/augenklinik-bern.ch\/fr\/a-propos\/eventail-des-prestations\/traitement-au-laser-de-la-cataracte-secondaire\/","title":{"rendered":"Traitement au laser de la cataracte secondaire"},"content":{"rendered":"\n<h2 class=\"wp-block-heading\" id=\"oo1\"><strong>QU&rsquo;EST-CE QU&rsquo;UNE CATARACTE SECONDAIRE ?<\/strong><\/h2>\n\n\n\n<p>Lorsque votre propre cristallin a \u00e9t\u00e9 enlev\u00e9 (op\u00e9ration de la cataracte), la capsule du cristallin reste en place pour que le cristallin artificiel puisse se maintenir l&rsquo;\u0153il jusqu&rsquo;\u00e0 ce qu&rsquo;il soit fermement ench\u00e2ss\u00e9. Par la suite, en raison du r\u00e9tr\u00e9cissement de cette capsule, un trouble, appel\u00e9 cataracte secondaire, se forme sur la surface arri\u00e8re de la capsule, ce qui d\u00e9grade l&rsquo;impression visuelle.<br><br>Avec le laser YAG, une ouverture de cette capsule post\u00e9rieure trouble peut \u00eatre cr\u00e9\u00e9e, sans ouvrir le globe oculaire. Ainsi, l&rsquo;optique centrale est lib\u00e9r\u00e9e et la vision \u00e0 nouveau claire, comme avant l&rsquo;op\u00e9ration.<\/p>\n\n\n\n<h2 class=\"wp-block-heading\" id=\"oo2\"><strong>COMMENT SE D\u00c9ROULE LE TRAITEMENT ?<\/strong><\/h2>\n\n\n\n<p>Le patient est assis devant une lampe \u00e0 fente laser, la corn\u00e9e est anesth\u00e9si\u00e9e avec des gouttes ophtalmiques, une petite lentille de contact est plac\u00e9e sur l&rsquo;\u0153il et, au moyen d\u2019un faisceau cible, le faisceau laser est focalis\u00e9 au niveau de la cataracte secondaire. Ensuite, plusieurs impulsions sont r\u00e9gl\u00e9es, cr\u00e9ant une photoperturbation (une mini explosion), qui ouvre la capsule post\u00e9rieure \u00e0 l&rsquo;endroit d\u00e9termin\u00e9. Cette op\u00e9ration est totalement indolore et ne prend que quelques minutes.<\/p>\n\n\n\n<h2 class=\"wp-block-heading\" id=\"oo3\"><strong>CE QUE JE DOIS ENVISAGER APR\u00c8S LE TRAITEMENT<\/strong><\/h2>\n\n\n\n<p>Juste apr\u00e8s le traitement, l&rsquo;\u0153il peut \u00eatre l\u00e9g\u00e8rement irrit\u00e9. Dans de tr\u00e8s rares cas, un gonflement du centre de la r\u00e9tine peut se produire. Afin de minimiser ce risque, nous vous donnerons des gouttes oculaires que vous devrez vous administrer quotidiennement, pendant quelques jours. Un examen de contr\u00f4le chez cotre ophtalmologue le lendemain de l\u2019op\u00e9ration peut \u00eatre indiqu\u00e9.<br><br>En raison de la dilatation de la pupille, vous ne devez pas conduire juste apr\u00e8s le traitement. Toutefois, il n&rsquo;y a aucune restriction en ce qui concerne la lecture, la t\u00e9l\u00e9vision ou les activit\u00e9s sportives.<\/p>\n","protected":false},"excerpt":{"rendered":"<p>QU&rsquo;EST-CE QU&rsquo;UNE CATARACTE SECONDAIRE ? Lorsque votre propre cristallin a \u00e9t\u00e9 enlev\u00e9 (op\u00e9ration de la cataracte), la capsule du cristallin reste en place pour que le cristallin artificiel puisse se maintenir l&rsquo;\u0153il jusqu&rsquo;\u00e0 ce qu&rsquo;il soit fermement ench\u00e2ss\u00e9. Par la suite, en raison du r\u00e9tr\u00e9cissement de cette capsule, un trouble, appel\u00e9 cataracte secondaire, se forme<a class=\"excerpt-read-more\" href=\"https:\/\/augenklinik-bern.ch\/fr\/a-propos\/eventail-des-prestations\/traitement-au-laser-de-la-cataracte-secondaire\/\" title=\"ReadTraitement au laser de la cataracte secondaire\">&#8230; Read more &raquo;<\/a><\/p>\n","protected":false},"author":2,"featured_media":8745,"parent":7890,"menu_order":13,"comment_status":"closed","ping_status":"closed","template":"","meta":{"_acf_changed":false,"footnotes":""},"class_list":["post-8997","page","type-page","status-publish","has-post-thumbnail","hentry"],"acf":[],"_links":{"self":[{"href":"https:\/\/augenklinik-bern.ch\/fr\/wp-json\/wp\/v2\/pages\/8997","targetHints":{"allow":["GET"]}}],"collection":[{"href":"https:\/\/augenklinik-bern.ch\/fr\/wp-json\/wp\/v2\/pages"}],"about":[{"href":"https:\/\/augenklinik-bern.ch\/fr\/wp-json\/wp\/v2\/types\/page"}],"author":[{"embeddable":true,"href":"https:\/\/augenklinik-bern.ch\/fr\/wp-json\/wp\/v2\/users\/2"}],"replies":[{"embeddable":true,"href":"https:\/\/augenklinik-bern.ch\/fr\/wp-json\/wp\/v2\/comments?post=8997"}],"version-history":[{"count":4,"href":"https:\/\/augenklinik-bern.ch\/fr\/wp-json\/wp\/v2\/pages\/8997\/revisions"}],"predecessor-version":[{"id":9001,"href":"https:\/\/augenklinik-bern.ch\/fr\/wp-json\/wp\/v2\/pages\/8997\/revisions\/9001"}],"up":[{"embeddable":true,"href":"https:\/\/augenklinik-bern.ch\/fr\/wp-json\/wp\/v2\/pages\/7890"}],"wp:featuredmedia":[{"embeddable":true,"href":"https:\/\/augenklinik-bern.ch\/fr\/wp-json\/wp\/v2\/media\/8745"}],"wp:attachment":[{"href":"https:\/\/augenklinik-bern.ch\/fr\/wp-json\/wp\/v2\/media?parent=8997"}],"curies":[{"name":"wp","href":"https:\/\/api.w.org\/{rel}","templated":true}]}}