{"id":8985,"date":"2019-11-05T11:54:49","date_gmt":"2019-11-05T09:54:49","guid":{"rendered":"https:\/\/augenklinik-bern.ch\/uber-uns\/eventail-des-prestations\/fluoreszein-und-infracyaningruen-angiographie\/"},"modified":"2020-06-04T11:12:35","modified_gmt":"2020-06-04T09:12:35","slug":"angiographie-a-la-fluoresceine-et-a-lindocyanine","status":"publish","type":"page","link":"https:\/\/augenklinik-bern.ch\/fr\/a-propos\/eventail-des-prestations\/angiographie-a-la-fluoresceine-et-a-lindocyanine\/","title":{"rendered":"Angiographie \u00e0 la fluoresc\u00e9ine et \u00e0 l\u2019indocyanine"},"content":{"rendered":"\n<p>La cam\u00e9ra du fond d&rsquo;\u0153il est utilis\u00e9e photographier les segments post\u00e9rieurs de l&rsquo;\u0153il (r\u00e9tine).<br><\/p>\n\n\n\t<div class=\"grid-x grid-margin-x grid-padding-x block-bild-text le medium-margin-collapse\">\n\t  <div class=\"cell medium-4 large-4\">\n\t  \t\t\t\t\t\t\t\t\t\t<div class=\"singleImg\">\n\t\t\t\t\t\t<img decoding=\"async\" alt=\"\" title=\"\" class=\"bt-img\" src=\"https:\/\/augenklinik-bern.ch\/wp-content\/uploads\/Fluoreszenzaufnahme-300x300.jpg\" \/>\n\t\t\t\t\t\t<div class=\"singleImgCaption\">Image de fluorescence prise avec l&#039;appareil Optos.<\/div>\n\t\t\t\t\t<\/div>\n\t\t\t\t\t\t\t\t\n\t  \n\t  <\/div>\n\t  <div class=\"cell medium-8 large-8\"><h2>ANGIOGRAPHIE \u00c0 LA FLUORESC\u00c9INE ET AU VERT INFRACYANINE<\/h2>\n<p>Les appareils photo HRA Spectralis, Optos et Zeiss peuvent \u00eatre utilis\u00e9s pour effectuer une angiographie verte \u00e0 la fluoresc\u00e9ine et \u00e0 l&rsquo;infracyanine. Un agent de contraste est inject\u00e9 par voie intraveineuse. Des photographies de la r\u00e9tine sont prises dans les 10 minutes qui suivent. Cet examen permet de d\u00e9terminer avec pr\u00e9cision les changements pathologiques de la r\u00e9tine, de ses vaisseaux et des structures voisines. Ces r\u00e9sultats sont importants pour \u00e9valuer les possibilit\u00e9s de traitement et pour pouvoir effectuer une th\u00e9rapie cibl\u00e9e.<\/p>\n<\/div>\n\t<\/div>\n","protected":false},"excerpt":{"rendered":"<p>La cam\u00e9ra du fond d&rsquo;\u0153il est utilis\u00e9e photographier les segments post\u00e9rieurs de l&rsquo;\u0153il (r\u00e9tine).<\/p>\n","protected":false},"author":2,"featured_media":0,"parent":7890,"menu_order":11,"comment_status":"closed","ping_status":"closed","template":"template-full-width-teaser.php","meta":{"_acf_changed":false,"footnotes":""},"class_list":["post-8985","page","type-page","status-publish","hentry"],"acf":[],"_links":{"self":[{"href":"https:\/\/augenklinik-bern.ch\/fr\/wp-json\/wp\/v2\/pages\/8985","targetHints":{"allow":["GET"]}}],"collection":[{"href":"https:\/\/augenklinik-bern.ch\/fr\/wp-json\/wp\/v2\/pages"}],"about":[{"href":"https:\/\/augenklinik-bern.ch\/fr\/wp-json\/wp\/v2\/types\/page"}],"author":[{"embeddable":true,"href":"https:\/\/augenklinik-bern.ch\/fr\/wp-json\/wp\/v2\/users\/2"}],"replies":[{"embeddable":true,"href":"https:\/\/augenklinik-bern.ch\/fr\/wp-json\/wp\/v2\/comments?post=8985"}],"version-history":[{"count":4,"href":"https:\/\/augenklinik-bern.ch\/fr\/wp-json\/wp\/v2\/pages\/8985\/revisions"}],"predecessor-version":[{"id":8989,"href":"https:\/\/augenklinik-bern.ch\/fr\/wp-json\/wp\/v2\/pages\/8985\/revisions\/8989"}],"up":[{"embeddable":true,"href":"https:\/\/augenklinik-bern.ch\/fr\/wp-json\/wp\/v2\/pages\/7890"}],"wp:attachment":[{"href":"https:\/\/augenklinik-bern.ch\/fr\/wp-json\/wp\/v2\/media?parent=8985"}],"curies":[{"name":"wp","href":"https:\/\/api.w.org\/{rel}","templated":true}]}}