{"id":8979,"date":"2019-11-05T11:54:07","date_gmt":"2019-11-05T09:54:07","guid":{"rendered":"https:\/\/augenklinik-bern.ch\/uber-uns\/eventail-des-prestations\/fundus-fotographie\/"},"modified":"2020-06-04T11:10:06","modified_gmt":"2020-06-04T09:10:06","slug":"photographie-du-segment-posterieur","status":"publish","type":"page","link":"https:\/\/augenklinik-bern.ch\/fr\/a-propos\/eventail-des-prestations\/photographie-du-segment-posterieur\/","title":{"rendered":"Photographie de l&rsquo;\u0153il (r\u00e9tine \/ segment post\u00e9rieur de l&rsquo;\u0153il)"},"content":{"rendered":"\n<p>La cam\u00e9ra du fond d&rsquo;\u0153il est utilis\u00e9e photographier les segments post\u00e9rieurs de l&rsquo;\u0153il (r\u00e9tine).<\/p>\n\n\n\t<div class=\"grid-x grid-margin-x grid-padding-x block-bild-text le medium-margin-collapse\">\n\t  <div class=\"cell medium-4 large-4\">\n\t  \t\t\t\t\t\t\t\t\t\t<div class=\"singleImg\">\n\t\t\t\t\t\t<img decoding=\"async\" alt=\"\" title=\"\" class=\"bt-img\" src=\"https:\/\/augenklinik-bern.ch\/wp-content\/uploads\/Optos-300x300.jpg\" \/>\n\t\t\t\t\t\t<div class=\"singleImgCaption\">Optos (ultra wide angle)<\/div>\n\t\t\t\t\t<\/div>\n\t\t\t\t\t\t\t\t\n\t  \n\t  <\/div>\n\t  <div class=\"cell medium-8 large-8\"><h2>PHOTOGRAPHIE OPTOS (ULTRA WIDE ANGLE)<\/h2>\n<p>L&rsquo;appareil Optos produit des images r\u00e9tiniennes num\u00e9riques gr\u00e2ce \u00e0 une technologie sp\u00e9ciale de balayage laser. Une dilatation de la pupille n&rsquo;est pas n\u00e9cessaire. Avec une image Optos, des sections de la r\u00e9tine peuvent \u00eatre photographi\u00e9es jusqu&rsquo;\u00e0 200\u00b0 (82%) gr\u00e2ce \u00e0 une technologie de miroir (maximum conventionnel 50\u00b0). Comme de nombreux changements sont d&rsquo;abord visibles en p\u00e9riph\u00e9rie, cet examen est un moyen simple et rapide de visualiser et \u00e9tudier la r\u00e9tine, sans exposer l&rsquo;\u0153il \u00e0 une charge trop importante de lumi\u00e8re. <\/p>\n<\/div>\n\t<\/div>\n\n\n\t<div class=\"grid-x grid-margin-x grid-padding-x block-bild-text le medium-margin-collapse\">\n\t  <div class=\"cell medium-4 large-4\">\n\t  \t\t\t\t\t\t\t\t\t\t<div class=\"singleImg\">\n\t\t\t\t\t\t<img decoding=\"async\" alt=\"\" title=\"\" class=\"bt-img\" src=\"https:\/\/augenklinik-bern.ch\/wp-content\/uploads\/makula-300x300.jpg\" \/>\n\t\t\t\t\t\t<div class=\"singleImgCaption\">Macula imag\u00e9e avec un OCT ultra wide angle<\/div>\n\t\t\t\t\t<\/div>\n\t\t\t\t\t\t\t\t\n\t  \n\t  <\/div>\n\t  <div class=\"cell medium-8 large-8\"><p>On peut d\u00e9tecter les occlusions vasculaires, les d\u00e9collements de r\u00e9tine, les modifications de la r\u00e9tine diab\u00e9tique, les tumeurs et les trous r\u00e9tiniens.<\/p>\n<\/div>\n\t<\/div>\n\n\n\t<div class=\"grid-x grid-margin-x grid-padding-x block-bild-text le medium-margin-collapse\">\n\t  <div class=\"cell medium-4 large-4\">\n\t  \t\t\t\t\t\t\t\t\t\t<div class=\"singleImg\">\n\t\t\t\t\t\t<img decoding=\"async\" alt=\"\" title=\"\" class=\"bt-img\" src=\"https:\/\/augenklinik-bern.ch\/wp-content\/uploads\/Funduskamera-300x300.jpg\" \/>\n\t\t\t\t\t\t<div class=\"singleImgCaption\">Appareil photo du fond d&#039;\u0153il de Zeiss<\/div>\n\t\t\t\t\t<\/div>\n\t\t\t\t\t\t\t\t\n\t  \n\t  <\/div>\n\t  <div class=\"cell medium-8 large-8\"><h2>CAM\u00c9RA ZEISS (20\u00b0\/30\u00b0 ET 50\u00b0)<\/h2>\n<p>L&rsquo;appareil photo Zeiss est un appareil qui prend des photographies de la r\u00e9tine \u00e0 l\u2019aide de flashs, tout comme un appareil reflex.<\/p>\n<\/div>\n\t<\/div>\n\n\n\t<div class=\"grid-x grid-margin-x grid-padding-x block-bild-text le medium-margin-collapse\">\n\t  <div class=\"cell medium-4 large-4\">\n\t  \t\t\t\t\t\t\t\t\t\t<div class=\"singleImg\">\n\t\t\t\t\t\t<img decoding=\"async\" alt=\"\" title=\"\" class=\"bt-img\" src=\"https:\/\/augenklinik-bern.ch\/wp-content\/uploads\/Funduskamera2-300x300.jpg\" \/>\n\t\t\t\t\t\t<div class=\"singleImgCaption\">Le fond d&#039;\u0153il <\/div>\n\t\t\t\t\t<\/div>\n\t\t\t\t\t\t\t\t\n\t  \n\t  <\/div>\n\t  <div class=\"cell medium-8 large-8\"><p>Sa haute r\u00e9solution permet une documentation pr\u00e9cise du centre visuel (macula) et du nerf optique (papille).<\/p>\n<\/div>\n\t<\/div>\n\n\n\t<div class=\"grid-x grid-margin-x grid-padding-x block-bild-text le medium-margin-collapse\">\n\t  <div class=\"cell medium-4 large-4\">\n\t  \t\t\t\t\t\t\t\t\t\t<div class=\"singleImg\">\n\t\t\t\t\t\t<img decoding=\"async\" alt=\"\" title=\"\" class=\"bt-img\" src=\"https:\/\/augenklinik-bern.ch\/wp-content\/uploads\/Fluoreszenzaufnahme-300x300.jpg\" \/>\n\t\t\t\t\t\t<div class=\"singleImgCaption\">Image de fluorescence prise avec l&#039;appareil Optos.<\/div>\n\t\t\t\t\t<\/div>\n\t\t\t\t\t\t\t\t\n\t  \n\t  <\/div>\n\t  <div class=\"cell medium-8 large-8\"><h2>ANGIOGRAPHIE \u00c0 LA FLUORESC\u00c9INE ET AU VERT INFRACYANINE<\/h2>\n<p>Les appareils photo HRA Spectralis, Optos et Zeiss, peuvent \u00eatre utilis\u00e9s pour effectuer une angiographie verte \u00e0 la fluoresc\u00e9ine et \u00e0 l&rsquo;infracyanine. Un agent de contraste est inject\u00e9 par voie intraveineuse. Des photographies de la r\u00e9tine sont prises dans les 10 minutes qui suivent. Cet examen permet de d\u00e9terminer avec pr\u00e9cision les changements pathologiques de la r\u00e9tine, de ses vaisseaux et des structures voisines. Ces r\u00e9sultats sont importants pour \u00e9valuer les possibilit\u00e9s de traitement et pour pouvoir effectuer une th\u00e9rapie cibl\u00e9e.<\/p>\n<\/div>\n\t<\/div>\n","protected":false},"excerpt":{"rendered":"<p>La cam\u00e9ra du fond d&rsquo;\u0153il est utilis\u00e9e photographier les segments post\u00e9rieurs de l&rsquo;\u0153il (r\u00e9tine).<\/p>\n","protected":false},"author":2,"featured_media":0,"parent":7890,"menu_order":10,"comment_status":"closed","ping_status":"closed","template":"template-full-width-teaser.php","meta":{"_acf_changed":false,"footnotes":""},"class_list":["post-8979","page","type-page","status-publish","hentry"],"acf":[],"_links":{"self":[{"href":"https:\/\/augenklinik-bern.ch\/fr\/wp-json\/wp\/v2\/pages\/8979","targetHints":{"allow":["GET"]}}],"collection":[{"href":"https:\/\/augenklinik-bern.ch\/fr\/wp-json\/wp\/v2\/pages"}],"about":[{"href":"https:\/\/augenklinik-bern.ch\/fr\/wp-json\/wp\/v2\/types\/page"}],"author":[{"embeddable":true,"href":"https:\/\/augenklinik-bern.ch\/fr\/wp-json\/wp\/v2\/users\/2"}],"replies":[{"embeddable":true,"href":"https:\/\/augenklinik-bern.ch\/fr\/wp-json\/wp\/v2\/comments?post=8979"}],"version-history":[{"count":3,"href":"https:\/\/augenklinik-bern.ch\/fr\/wp-json\/wp\/v2\/pages\/8979\/revisions"}],"predecessor-version":[{"id":8983,"href":"https:\/\/augenklinik-bern.ch\/fr\/wp-json\/wp\/v2\/pages\/8979\/revisions\/8983"}],"up":[{"embeddable":true,"href":"https:\/\/augenklinik-bern.ch\/fr\/wp-json\/wp\/v2\/pages\/7890"}],"wp:attachment":[{"href":"https:\/\/augenklinik-bern.ch\/fr\/wp-json\/wp\/v2\/media?parent=8979"}],"curies":[{"name":"wp","href":"https:\/\/api.w.org\/{rel}","templated":true}]}}