{"id":8904,"date":"2019-11-05T11:46:51","date_gmt":"2019-11-05T09:46:51","guid":{"rendered":"https:\/\/augenklinik-bern.ch\/uber-uns\/eventail-des-prestations\/biometrie\/"},"modified":"2020-06-03T22:26:02","modified_gmt":"2020-06-03T20:26:02","slug":"biometrie","status":"publish","type":"page","link":"https:\/\/augenklinik-bern.ch\/fr\/a-propos\/eventail-des-prestations\/biometrie\/","title":{"rendered":"Biom\u00e9trie"},"content":{"rendered":"\t<div class=\"grid-x grid-margin-x grid-padding-x block-bild-text le medium-margin-collapse\">\n\t  <div class=\"cell medium-4 large-4\">\n\t  \t\t\t\t\t\t\t\t\t\t<div class=\"singleImg\">\n\t\t\t\t\t\t<img decoding=\"async\" alt=\"\" title=\"\" class=\"bt-img\" src=\"https:\/\/augenklinik-bern.ch\/wp-content\/uploads\/BIOMETRIE-300x300.jpg\" \/>\n\t\t\t\t\t\t<div class=\"singleImgCaption\">Biom\u00e9trie<\/div>\n\t\t\t\t\t<\/div>\n\t\t\t\t\t\t\t\t\n\t  \n\t  <\/div>\n\t  <div class=\"cell medium-8 large-8\"><p>Avant d&rsquo;ins\u00e9rer une lentille oculaire artificielle &#8211; \u00e9galement appel\u00e9e lentille intraoculaire (LIO) &#8211; il faut calculer avec pr\u00e9cision la puissance de r\u00e9fraction requise pour la lentille artificielle, afin d&rsquo;obtenir ult\u00e9rieurement une performance visuelle optimale avec la puissance de r\u00e9fraction souhait\u00e9e (correspondant \u00e0 l&rsquo;autre \u0153il). Cette mesure \u00e9tait autrefois effectu\u00e9e \u00e0 l&rsquo;aide d&rsquo;ultrasons, elle est aujourd&rsquo;hui plus pr\u00e9cise, surtout en utilisant la lumi\u00e8re laser, et d\u00e9termine la longueur axiale, les rayons corn\u00e9ens et, si n\u00e9cessaire, la profondeur de la chambre ant\u00e9rieure de l&rsquo;\u0153il.<\/p>\n<\/div>\n\t<\/div>\n","protected":false},"excerpt":{"rendered":"","protected":false},"author":2,"featured_media":0,"parent":7890,"menu_order":6,"comment_status":"closed","ping_status":"closed","template":"template-full-width-teaser.php","meta":{"_acf_changed":false,"footnotes":""},"class_list":["post-8904","page","type-page","status-publish","hentry"],"acf":[],"_links":{"self":[{"href":"https:\/\/augenklinik-bern.ch\/fr\/wp-json\/wp\/v2\/pages\/8904","targetHints":{"allow":["GET"]}}],"collection":[{"href":"https:\/\/augenklinik-bern.ch\/fr\/wp-json\/wp\/v2\/pages"}],"about":[{"href":"https:\/\/augenklinik-bern.ch\/fr\/wp-json\/wp\/v2\/types\/page"}],"author":[{"embeddable":true,"href":"https:\/\/augenklinik-bern.ch\/fr\/wp-json\/wp\/v2\/users\/2"}],"replies":[{"embeddable":true,"href":"https:\/\/augenklinik-bern.ch\/fr\/wp-json\/wp\/v2\/comments?post=8904"}],"version-history":[{"count":3,"href":"https:\/\/augenklinik-bern.ch\/fr\/wp-json\/wp\/v2\/pages\/8904\/revisions"}],"predecessor-version":[{"id":8907,"href":"https:\/\/augenklinik-bern.ch\/fr\/wp-json\/wp\/v2\/pages\/8904\/revisions\/8907"}],"up":[{"embeddable":true,"href":"https:\/\/augenklinik-bern.ch\/fr\/wp-json\/wp\/v2\/pages\/7890"}],"wp:attachment":[{"href":"https:\/\/augenklinik-bern.ch\/fr\/wp-json\/wp\/v2\/media?parent=8904"}],"curies":[{"name":"wp","href":"https:\/\/api.w.org\/{rel}","templated":true}]}}