{"id":8215,"date":"2019-11-05T11:41:13","date_gmt":"2019-11-05T09:41:13","guid":{"rendered":"https:\/\/augenklinik-bern.ch\/?page_id=8215"},"modified":"2020-06-04T10:32:43","modified_gmt":"2020-06-04T08:32:43","slug":"microperimetrie","status":"publish","type":"page","link":"https:\/\/augenklinik-bern.ch\/fr\/a-propos\/eventail-des-prestations\/microperimetrie\/","title":{"rendered":"Microp\u00e9rim\u00e9trie"},"content":{"rendered":"\t<div class=\"grid-x grid-margin-x grid-padding-x block-bild-text le medium-margin-collapse\">\n\t  <div class=\"cell medium-4 large-4\">\n\t  \t\t\t\t\t\t\t\t\t\t<div class=\"singleImg\">\n\t\t\t\t\t\t<img decoding=\"async\" alt=\"\" title=\"\" class=\"bt-img\" src=\"https:\/\/augenklinik-bern.ch\/wp-content\/uploads\/MIKROPERIMETRIE2-300x300.jpg\" \/>\n\t\t\t\t\t\t<div class=\"singleImgCaption\">Microperim\u00e9trie<\/div>\n\t\t\t\t\t<\/div>\n\t\t\t\t\t\t\t\t\n\t  \n\t  <\/div>\n\t  <div class=\"cell medium-8 large-8\"><p>Comme l&rsquo;appareil v\u00e9rifie simultan\u00e9ment la fixation, la localisation des perturbations et des d\u00e9faillances peut \u00eatre \u00e9valu\u00e9e avec pr\u00e9cision.<\/p>\n<p>Lors de cette mesure, le patient fixe une croix rouge \u00e0 l\u2019int\u00e9rieur de l&rsquo;appareil. Spontan\u00e9ment, diff\u00e9rents points lumineux s&rsquo;allument les uns apr\u00e8s les autres. D\u00e8s que le patient per\u00e7oit un point, il le confirme en appuyant sur un bouton. Le m\u00eame point est ensuite examin\u00e9 avec une intensit\u00e9 lumineuse progressivement r\u00e9duite afin de mesurer la sensibilit\u00e9 de la r\u00e9tine \u00e0 la lumi\u00e8re \u00e0 cet endroit. Si le patient ne r\u00e9agit pas, m\u00eame avec des points de lumi\u00e8re vive, l&rsquo;appareil enregistre une d\u00e9faillance \u00e0 cet endroit.<\/p>\n<\/div>\n\t<\/div>\n\n\n\t<div class=\"grid-x grid-margin-x grid-padding-x block-bild-text le medium-margin-collapse\">\n\t  <div class=\"cell medium-4 large-4\">\n\t  \t\t\t\t\t\t\t\t\t\t<div class=\"singleImg\">\n\t\t\t\t\t\t<img decoding=\"async\" alt=\"\" title=\"\" class=\"bt-img\" src=\"https:\/\/augenklinik-bern.ch\/wp-content\/uploads\/Mikroperimetrie-300x300.jpg\" \/>\n\t\t\t\t\t\t<div class=\"singleImgCaption\">Analyse par microperim\u00e9trie \u00e0 l&#039;aide du Nidek MP1.<\/div>\n\t\t\t\t\t<\/div>\n\t\t\t\t\t\t\t\t\n\t  \n\t  <\/div>\n\t  <div class=\"cell medium-8 large-8\"><p>La mesure se fait de mani\u00e8re monoculaire et dure environ 10 \u00e0 20 minutes, selon le nombre de mesures \u00e0 effectuer et en fonction de la fixation.<\/p>\n<p>Cette m\u00e9thode est principalement utilis\u00e9e pour \u00e9valuer un trou maculaire (trou dans la zone du centre de la vision).<\/p>\n<\/div>\n\t<\/div>\n","protected":false},"excerpt":{"rendered":"","protected":false},"author":2,"featured_media":0,"parent":7890,"menu_order":3,"comment_status":"closed","ping_status":"closed","template":"template-full-width-teaser.php","meta":{"_acf_changed":false,"footnotes":""},"class_list":["post-8215","page","type-page","status-publish","hentry"],"acf":[],"_links":{"self":[{"href":"https:\/\/augenklinik-bern.ch\/fr\/wp-json\/wp\/v2\/pages\/8215","targetHints":{"allow":["GET"]}}],"collection":[{"href":"https:\/\/augenklinik-bern.ch\/fr\/wp-json\/wp\/v2\/pages"}],"about":[{"href":"https:\/\/augenklinik-bern.ch\/fr\/wp-json\/wp\/v2\/types\/page"}],"author":[{"embeddable":true,"href":"https:\/\/augenklinik-bern.ch\/fr\/wp-json\/wp\/v2\/users\/2"}],"replies":[{"embeddable":true,"href":"https:\/\/augenklinik-bern.ch\/fr\/wp-json\/wp\/v2\/comments?post=8215"}],"version-history":[{"count":18,"href":"https:\/\/augenklinik-bern.ch\/fr\/wp-json\/wp\/v2\/pages\/8215\/revisions"}],"predecessor-version":[{"id":8942,"href":"https:\/\/augenklinik-bern.ch\/fr\/wp-json\/wp\/v2\/pages\/8215\/revisions\/8942"}],"up":[{"embeddable":true,"href":"https:\/\/augenklinik-bern.ch\/fr\/wp-json\/wp\/v2\/pages\/7890"}],"wp:attachment":[{"href":"https:\/\/augenklinik-bern.ch\/fr\/wp-json\/wp\/v2\/media?parent=8215"}],"curies":[{"name":"wp","href":"https:\/\/api.w.org\/{rel}","templated":true}]}}