{"id":8192,"date":"2019-11-05T11:38:32","date_gmt":"2019-11-05T09:38:32","guid":{"rendered":"https:\/\/augenklinik-bern.ch\/?page_id=8192"},"modified":"2020-06-04T10:31:26","modified_gmt":"2020-06-04T08:31:26","slug":"perimetrie","status":"publish","type":"page","link":"https:\/\/augenklinik-bern.ch\/fr\/a-propos\/eventail-des-prestations\/perimetrie\/","title":{"rendered":"P\u00e9rim\u00e9trie (par ordinateur) dynamique et statique"},"content":{"rendered":"\n<p>Le champ de vision est la zone qu&rsquo;une personne peut percevoir lorsqu&rsquo;elle fixe un point avec l&rsquo;\u0153il immobile (l&rsquo;autre \u0153il est couvert). La mesure du champ de vision (p\u00e9rim\u00e9trie) permet de d\u00e9tecter et d&rsquo;analyser les d\u00e9faillances en dehors du champ visuel central.<\/p>\n\n\n\n<p>Ces d\u00e9faillances peuvent \u00eatre caus\u00e9es par diverses maladies oculaires ou c\u00e9r\u00e9brales. En voici quelques exemples : glaucome, blessure oculaire, blessure \u00e0 la t\u00eate, crise de migraine, accident vasculaire c\u00e9r\u00e9bral, tumeur c\u00e9r\u00e9brale, l\u00e9sion de la r\u00e9tine ou saignement dans l&rsquo;\u0153il. La mesure peut \u00eatre effectu\u00e9e par p\u00e9rim\u00e9trie statique ou cin\u00e9tique.<\/p>\n\n\n\n<p><\/p>\n\n\n\t<div class=\"grid-x grid-margin-x grid-padding-x block-bild-text le medium-margin-collapse\">\n\t  <div class=\"cell medium-4 large-4\">\n\t  \t\t\t\t\t\t\t\t\t\t<div class=\"singleImg\">\n\t\t\t\t\t\t<img decoding=\"async\" alt=\"\" title=\"\" class=\"bt-img\" src=\"https:\/\/augenklinik-bern.ch\/wp-content\/uploads\/octopus-300x300.jpg\" \/>\n\t\t\t\t\t\t<div class=\"singleImgCaption\">P\u00e9rim\u00e9trie statique (Octopus)<\/div>\n\t\t\t\t\t<\/div>\n\t\t\t\t\t\t\t\t\n\t  \n\t  <\/div>\n\t  <div class=\"cell medium-8 large-8\"><h2>P\u00c9RIM\u00c9TRIE STATIQUE (OCTOPUS)<\/h2>\n<p>La m\u00e9thode la plus couramment utilis\u00e9e est la p\u00e9rim\u00e9trie statique (par ordinateur). Le patient est assis devant un \u00e9cran de projection semi-circulaire et fixe, d&rsquo;un \u0153il, une lumi\u00e8re au milieu de cet \u00e9cran de test. L&rsquo;autre \u0153il est couvert. Des points lumineux apparaissent alors spontan\u00e9ment \u00e0 diff\u00e9rents endroits de l&rsquo;\u00e9cran. Lorsque le patient les per\u00e7oit, il le confirme en appuyant sur un bouton. S&rsquo;il ne r\u00e9agit pas \u00e0 l\u2019un des stimulus lumineux, l&rsquo;ordinateur augmente l&rsquo;intensit\u00e9 de la lumi\u00e8re. S&rsquo;il n&rsquo;y a toujours pas de r\u00e9action, cela est enregistr\u00e9 comme une d\u00e9faillance.<\/p>\n<\/div>\n\t<\/div>\n\n\n\t<div class=\"grid-x grid-margin-x grid-padding-x block-bild-text ri medium-margin-collapse\">\n\t  <div class=\"cell medium-8 large-8 small-order-2 medium-order-1\"><p>En moyenne, la mesure statique du champ de vision prend environ 5 minutes par \u0153il. Un programme plus long (dynamique) peut \u00e9galement \u00eatre s\u00e9lectionn\u00e9, ce qui prend jusqu&rsquo;\u00e0 10 minutes par \u0153il.<\/p>\n<\/div>\n\t  <div class=\"cell medium-4 large-4 small-order-1 medium-order-2\">\n\t  \t\t\t\t\t\t\t\t\t<div class=\"singleImg\">\n\t\t\t\t\t\t<img decoding=\"async\" alt=\"\" title=\"\" class=\"bt-img\" src=\"https:\/\/augenklinik-bern.ch\/wp-content\/uploads\/examin_Perimeter_G2.jpg\" \/>\n\t\t\t\t\t\t<div class=\"singleImgCaption\">P\u00e9rim\u00e9trie statique (Octopus)<\/div>\n\t\t\t\t\t<\/div>\n\t\t\t\t\t\t\t\t\n\t  <\/div>\n\t<\/div>\n\n\n\t<div class=\"grid-x grid-margin-x grid-padding-x block-bild-text le medium-margin-collapse\">\n\t  <div class=\"cell medium-4 large-4\">\n\t  \t\t\t\t\t\t\t\t\t\t<div class=\"singleImg\">\n\t\t\t\t\t\t<img decoding=\"async\" alt=\"\" title=\"\" class=\"bt-img\" src=\"https:\/\/augenklinik-bern.ch\/wp-content\/uploads\/Goldmann-300x300.jpg\" \/>\n\t\t\t\t\t\t<div class=\"singleImgCaption\">P\u00e9rim\u00e9trie cin\u00e9tique (Goldmann)<\/div>\n\t\t\t\t\t<\/div>\n\t\t\t\t\t\t\t\t\n\t  \n\t  <\/div>\n\t  <div class=\"cell medium-8 large-8\"><h2>LA P\u00c9RIM\u00c9TRIE CIN\u00c9TIQUE (GOLDMANN)<\/h2>\n<p>Une variante plus ancienne est la p\u00e9rim\u00e9trie cin\u00e9tique, aujourd\u2019hui plus rarement utilis\u00e9e. Avec cette m\u00e9thode, la personne \u00e0 tester est \u00e9galement assise devant un \u00e9cran semi-circulaire. Le principe ressemble \u00e0 celui de la p\u00e9rim\u00e9trie statique, sauf qu&rsquo;ici, les points lumineux se d\u00e9placent du bord de l&rsquo;\u00e9cran vers le centre. L&rsquo;examinateur enregistre le moment o\u00f9 les points sont per\u00e7us dans le champ de vision du patient. Le r\u00e9sultat est enregistr\u00e9 sur un diagramme. L&rsquo;\u00e9valuation indique l\u2019\u00e9tendue exacte du champ de vision. L&rsquo;avantage de cette m\u00e9thode est qu&rsquo;elle n\u00e9cessite moins de concentration de la part du patient et que l&rsquo;examinateur peut v\u00e9rifier avec pr\u00e9cision son attention.<\/p>\n<p>Les yeux sont test\u00e9s un par un, le deuxi\u00e8me \u0153il \u00e9tant couvert. La mesure cin\u00e9tique du champ visuel dure en moyenne de 5 \u00e0 10 minutes par \u0153il.<\/p>\n<\/div>\n\t<\/div>\n","protected":false},"excerpt":{"rendered":"<p>Le champ de vision est la zone qu&rsquo;une personne peut percevoir lorsqu&rsquo;elle fixe un point avec l&rsquo;\u0153il immobile (l&rsquo;autre \u0153il est couvert). La mesure du champ de vision (p\u00e9rim\u00e9trie) permet de d\u00e9tecter et d&rsquo;analyser les d\u00e9faillances en dehors du champ visuel central. Ces d\u00e9faillances peuvent \u00eatre caus\u00e9es par diverses maladies oculaires ou c\u00e9r\u00e9brales. En voici<a class=\"excerpt-read-more\" href=\"https:\/\/augenklinik-bern.ch\/fr\/a-propos\/eventail-des-prestations\/perimetrie\/\" title=\"ReadP\u00e9rim\u00e9trie (par ordinateur) dynamique et statique\">&#8230; Read more &raquo;<\/a><\/p>\n","protected":false},"author":2,"featured_media":0,"parent":7890,"menu_order":2,"comment_status":"closed","ping_status":"closed","template":"template-full-width-teaser.php","meta":{"_acf_changed":false,"footnotes":""},"class_list":["post-8192","page","type-page","status-publish","hentry"],"acf":[],"_links":{"self":[{"href":"https:\/\/augenklinik-bern.ch\/fr\/wp-json\/wp\/v2\/pages\/8192","targetHints":{"allow":["GET"]}}],"collection":[{"href":"https:\/\/augenklinik-bern.ch\/fr\/wp-json\/wp\/v2\/pages"}],"about":[{"href":"https:\/\/augenklinik-bern.ch\/fr\/wp-json\/wp\/v2\/types\/page"}],"author":[{"embeddable":true,"href":"https:\/\/augenklinik-bern.ch\/fr\/wp-json\/wp\/v2\/users\/2"}],"replies":[{"embeddable":true,"href":"https:\/\/augenklinik-bern.ch\/fr\/wp-json\/wp\/v2\/comments?post=8192"}],"version-history":[{"count":6,"href":"https:\/\/augenklinik-bern.ch\/fr\/wp-json\/wp\/v2\/pages\/8192\/revisions"}],"predecessor-version":[{"id":8939,"href":"https:\/\/augenklinik-bern.ch\/fr\/wp-json\/wp\/v2\/pages\/8192\/revisions\/8939"}],"up":[{"embeddable":true,"href":"https:\/\/augenklinik-bern.ch\/fr\/wp-json\/wp\/v2\/pages\/7890"}],"wp:attachment":[{"href":"https:\/\/augenklinik-bern.ch\/fr\/wp-json\/wp\/v2\/media?parent=8192"}],"curies":[{"name":"wp","href":"https:\/\/api.w.org\/{rel}","templated":true}]}}