{"id":8147,"date":"2020-05-13T13:37:15","date_gmt":"2020-05-13T11:37:08","guid":{"rendered":"https:\/\/augenklinik-bern.ch\/?page_id=8147"},"modified":"2022-05-25T09:38:14","modified_gmt":"2022-05-25T07:38:14","slug":"coronavirus-off2","status":"publish","type":"page","link":"https:\/\/augenklinik-bern.ch\/fr\/actualites\/coronavirus-off\/coronavirus-off2\/","title":{"rendered":"Coronavirus"},"content":{"rendered":"\n<ol class=\"wp-block-list\"><li>Nous continuons \u00e0 porter un masque pour prot\u00e9ger nos patients. Nous vous invitons \u00e9galement \u00e0 porter volontairement votre masque dans nos locaux.<\/li><li>Par ailleurs, il reste important de se laver et de se d\u00e9sinfecter les mains r\u00e9guli\u00e8rement.<\/li><li>Un d\u00e9sinfectant pour la d\u00e9sinfection des mains est fourni \u00e0 toutes les entr\u00e9es.<\/li><li>Tous les examens non-essentiels sont supprim\u00e9s pendant la phase critique.<\/li><li>Apr\u00e8s chaque patient, une d\u00e9sinfection \u00e0 l\u2019alcool de tous les appareils est effectu\u00e9e.<\/li><li>Si possible, les examens sont effectu\u00e9s sans contact avec la peau. Si cela n&rsquo;est pas possible, les mains sont d\u00e9sinfect\u00e9es imm\u00e9diatement avant et apr\u00e8s le contact.<\/li><li>On veille \u00e0 ventiler r\u00e9guli\u00e8rement les locaux pour assurer un bon \u00e9change d&rsquo;air.<\/li><\/ol>\n\n\n\n<p>Nous vous remercions d\u2019en prendre note.<br>Nous vous souhaitons tout de bon et que vous affrontiez cette p\u00e9riode inqui\u00e9tante en bonne sant\u00e9, sans peur et de fa\u00e7on positive. <\/p>\n\n\n\n<p><strong><strong>Votre \u00e9quipe de la Berner Augenklinik<\/strong><\/strong><\/p>\n","protected":false},"excerpt":{"rendered":"<p>Nous continuons \u00e0 porter un masque pour prot\u00e9ger nos patients. Nous vous invitons \u00e9galement \u00e0 porter volontairement votre masque dans nos locaux. Par ailleurs, il reste important de se laver et de se d\u00e9sinfecter les mains r\u00e9guli\u00e8rement. Un d\u00e9sinfectant pour la d\u00e9sinfection des mains est fourni \u00e0 toutes les entr\u00e9es. Tous les examens non-essentiels sont<a class=\"excerpt-read-more\" href=\"https:\/\/augenklinik-bern.ch\/fr\/actualites\/coronavirus-off\/coronavirus-off2\/\" title=\"ReadCoronavirus\">&#8230; Read more &raquo;<\/a><\/p>\n","protected":false},"author":2,"featured_media":8031,"parent":8054,"menu_order":0,"comment_status":"closed","ping_status":"closed","template":"template-full-width-teaser.php","meta":{"_acf_changed":false,"footnotes":""},"class_list":["post-8147","page","type-page","status-publish","has-post-thumbnail","hentry"],"acf":[],"_links":{"self":[{"href":"https:\/\/augenklinik-bern.ch\/fr\/wp-json\/wp\/v2\/pages\/8147","targetHints":{"allow":["GET"]}}],"collection":[{"href":"https:\/\/augenklinik-bern.ch\/fr\/wp-json\/wp\/v2\/pages"}],"about":[{"href":"https:\/\/augenklinik-bern.ch\/fr\/wp-json\/wp\/v2\/types\/page"}],"author":[{"embeddable":true,"href":"https:\/\/augenklinik-bern.ch\/fr\/wp-json\/wp\/v2\/users\/2"}],"replies":[{"embeddable":true,"href":"https:\/\/augenklinik-bern.ch\/fr\/wp-json\/wp\/v2\/comments?post=8147"}],"version-history":[{"count":9,"href":"https:\/\/augenklinik-bern.ch\/fr\/wp-json\/wp\/v2\/pages\/8147\/revisions"}],"predecessor-version":[{"id":11126,"href":"https:\/\/augenklinik-bern.ch\/fr\/wp-json\/wp\/v2\/pages\/8147\/revisions\/11126"}],"up":[{"embeddable":true,"href":"https:\/\/augenklinik-bern.ch\/fr\/wp-json\/wp\/v2\/pages\/8054"}],"wp:featuredmedia":[{"embeddable":true,"href":"https:\/\/augenklinik-bern.ch\/fr\/wp-json\/wp\/v2\/media\/8031"}],"wp:attachment":[{"href":"https:\/\/augenklinik-bern.ch\/fr\/wp-json\/wp\/v2\/media?parent=8147"}],"curies":[{"name":"wp","href":"https:\/\/api.w.org\/{rel}","templated":true}]}}