{"id":8060,"date":"2020-05-06T12:24:00","date_gmt":"2020-05-06T10:24:00","guid":{"rendered":"https:\/\/augenklinik-bern.ch\/?page_id=8060"},"modified":"2020-05-06T12:28:10","modified_gmt":"2020-05-06T10:28:10","slug":"coronavirus-07-04-2020","status":"publish","type":"page","link":"https:\/\/augenklinik-bern.ch\/fr\/actualites\/coronavirus-off\/coronavirus-07-04-2020\/","title":{"rendered":"Coronavirus 07.04.2020"},"content":{"rendered":"\n<p>La plupart de nos patients sont \u00e0 risque pour le Covid-19, c&rsquo;est pourquoi nous avons annul\u00e9 tous les rendez-vous o\u00f9 il n&rsquo;y a pas de risque de perte de vision permanente s&rsquo;ils sont report\u00e9s.<\/p>\n\n\n\n<p>Vous avez besoin d&rsquo;une th\u00e9rapie ou d&rsquo;un contr\u00f4le qui ne peut \u00eatre report\u00e9, il est donc recommand\u00e9 de respecter le rendez-vous d&rsquo;aujourd&rsquo;hui. Nous avons \u00e9galement pris les mesures suivantes pour r\u00e9duire au minimum le risque d&rsquo;infection dans notre clinique :<\/p>\n\n\n\n<ol class=\"wp-block-list\"><li>Seuls les patients qui n&rsquo;ont pas de sympt\u00f4mes de fi\u00e8vre ou de grippe, eux-m\u00eames ou leur entourage, viennent nous voir.<\/li><li>Un d\u00e9sinfectant pour la d\u00e9sinfection des mains a \u00e9t\u00e9 fourni \u00e0 toutes les entr\u00e9es.<\/li><li>Nos heures de consultation ont \u00e9t\u00e9 r\u00e9duites \u00e0 une densit\u00e9 de patients de 25% afin de maintenir le nombre de patients en salle d&rsquo;attente aussi bas que possible.<\/li><li>Pour des raisons de s\u00e9curit\u00e9, les proches n&rsquo;accompagnent nos patients que dans des cas individuels afin de maintenir le nombre de personnes dans notre clinique \u00e0 un faible niveau.<\/li><li>Actuellement, tous les examens qui ne sont pas absolument n\u00e9cessaires sont supprim\u00e9s (par exemple, la mesure de la pression oculaire \u00e0 l&rsquo;entr\u00e9e ou le contr\u00f4le de l&rsquo;\u0153il du partenaire).<\/li><li>Des panneaux de plexiglas ont \u00e9t\u00e9 fix\u00e9s \u00e0 toutes les unit\u00e9s d&rsquo;examen.<\/li><li>Apr\u00e8s chaque patient, une d\u00e9sinfection \u00e0 l&rsquo;alcool de toutes les unit\u00e9s est effectu\u00e9e.<\/li><li>Si possible, on ne donne plus de collyre pour la dilatation de la pupille.<\/li><li>Tous les examens n\u00e9cessaires sont effectu\u00e9s sans contact avec la peau, si possible.<\/li><li>Pour les examens ou les mesures qui ne permettent pas une distance de 1,5 m, le personnel porte des masques.<\/li><\/ol>\n\n\n\n<p>Merci d&rsquo;en prendre note.<br>Nous vous souhaitons tout le succ\u00e8s possible et que vous affrontiez cette p\u00e9riode inqui\u00e9tante en bonne sant\u00e9, sans peur et de fa\u00e7on positive.<\/p>\n\n\n\n<p><strong>Votre \u00e9quipe de la clinique<\/strong><br><em>07.04.2020<\/em><strong>&nbsp;&nbsp;<\/strong><\/p>\n","protected":false},"excerpt":{"rendered":"<p>La plupart de nos patients sont \u00e0 risque pour le Covid-19, c&rsquo;est pourquoi nous avons annul\u00e9 tous les rendez-vous o\u00f9 il n&rsquo;y a pas de risque de perte de vision permanente s&rsquo;ils sont report\u00e9s. Vous avez besoin d&rsquo;une th\u00e9rapie ou d&rsquo;un contr\u00f4le qui ne peut \u00eatre report\u00e9, il est donc recommand\u00e9 de respecter le rendez-vous<a class=\"excerpt-read-more\" href=\"https:\/\/augenklinik-bern.ch\/fr\/actualites\/coronavirus-off\/coronavirus-07-04-2020\/\" title=\"ReadCoronavirus 07.04.2020\">&#8230; Read more &raquo;<\/a><\/p>\n","protected":false},"author":2,"featured_media":8031,"parent":8054,"menu_order":2,"comment_status":"closed","ping_status":"closed","template":"template-full-width-teaser.php","meta":{"_acf_changed":false,"footnotes":""},"class_list":["post-8060","page","type-page","status-publish","has-post-thumbnail","hentry"],"acf":[],"_links":{"self":[{"href":"https:\/\/augenklinik-bern.ch\/fr\/wp-json\/wp\/v2\/pages\/8060","targetHints":{"allow":["GET"]}}],"collection":[{"href":"https:\/\/augenklinik-bern.ch\/fr\/wp-json\/wp\/v2\/pages"}],"about":[{"href":"https:\/\/augenklinik-bern.ch\/fr\/wp-json\/wp\/v2\/types\/page"}],"author":[{"embeddable":true,"href":"https:\/\/augenklinik-bern.ch\/fr\/wp-json\/wp\/v2\/users\/2"}],"replies":[{"embeddable":true,"href":"https:\/\/augenklinik-bern.ch\/fr\/wp-json\/wp\/v2\/comments?post=8060"}],"version-history":[{"count":5,"href":"https:\/\/augenklinik-bern.ch\/fr\/wp-json\/wp\/v2\/pages\/8060\/revisions"}],"predecessor-version":[{"id":8067,"href":"https:\/\/augenklinik-bern.ch\/fr\/wp-json\/wp\/v2\/pages\/8060\/revisions\/8067"}],"up":[{"embeddable":true,"href":"https:\/\/augenklinik-bern.ch\/fr\/wp-json\/wp\/v2\/pages\/8054"}],"wp:featuredmedia":[{"embeddable":true,"href":"https:\/\/augenklinik-bern.ch\/fr\/wp-json\/wp\/v2\/media\/8031"}],"wp:attachment":[{"href":"https:\/\/augenklinik-bern.ch\/fr\/wp-json\/wp\/v2\/media?parent=8060"}],"curies":[{"name":"wp","href":"https:\/\/api.w.org\/{rel}","templated":true}]}}