{"id":8054,"date":"2020-05-06T12:10:15","date_gmt":"2020-05-06T10:10:32","guid":{"rendered":"https:\/\/augenklinik-bern.ch\/?page_id=8054"},"modified":"2022-05-25T09:38:01","modified_gmt":"2022-05-25T07:38:01","slug":"coronavirus-off","status":"publish","type":"page","link":"https:\/\/augenklinik-bern.ch\/fr\/actualites\/coronavirus-off\/","title":{"rendered":"Coronavirus"},"content":{"rendered":"\n<h2 class=\"wp-block-heading\">08 Juin 2020<\/h2>\n\n\n\n<p>Nous avons pris des mesures pour r\u00e9duire le risque d\u2019infection dans notre clinique<br><a href=\"https:\/\/augenklinik-bern.ch\/fr\/actualites\/coronavirus\/coronavirus-08-06-2020\/\">plus d&rsquo;informations<\/a><\/p>\n\n\n\n<h2 class=\"wp-block-heading\">07 Avril 2020<\/h2>\n\n\n\n<p>Nos mesures pour votre s\u00e9curit\u00e9 pendant la pand\u00e9mie de Covid 19<br><a href=\"https:\/\/augenklinik-bern.ch\/fr\/coronavirus-07-04-2020\/\">plus d&rsquo;informations<\/a><\/p>\n\n\n\n<h2 class=\"wp-block-heading\">18 Mars 2020 <\/h2>\n\n\n\n<p>Depuis le d\u00e9but de la crise du coronavirus, l\u2019incertitude s\u2019est accrue en ce qui concerne les soins m\u00e9dicaux. C\u2019est pourquoi nous souhaitons vous donner quelques informations qui sont importantes pour vous &#8230;<br><a href=\"https:\/\/augenklinik-bern.ch\/fr\/coronavirus-18-03-2020\/\">plus d&rsquo;informations<\/a><\/p>\n\n\n\n<h2 class=\"wp-block-heading\">16 Mars 2020 <\/h2>\n\n\n\n<p>Si vous avez eu de la fi\u00e8vre au cours des 14 derniers jours et\/ou ne vous sentez pas bien, veuillez nous contacter par t\u00e9l\u00e9phone pour repousser le rendez-vous : <a href=\"http:\/\/+41313111222\">+41 31 311 12 22<\/a><br><a href=\"https:\/\/augenklinik-bern.ch\/fr\/coronavirus-16-03-2020\/\">plus amples informations<\/a><\/p>\n","protected":false},"excerpt":{"rendered":"<p>08 Juin 2020 Nous avons pris des mesures pour r\u00e9duire le risque d\u2019infection dans notre cliniqueplus d&rsquo;informations 07 Avril 2020 Nos mesures pour votre s\u00e9curit\u00e9 pendant la pand\u00e9mie de Covid 19plus d&rsquo;informations 18 Mars 2020 Depuis le d\u00e9but de la crise du coronavirus, l\u2019incertitude s\u2019est accrue en ce qui concerne les soins m\u00e9dicaux. C\u2019est pourquoi<a class=\"excerpt-read-more\" href=\"https:\/\/augenklinik-bern.ch\/fr\/actualites\/coronavirus-off\/\" title=\"ReadCoronavirus\">&#8230; Read more &raquo;<\/a><\/p>\n","protected":false},"author":2,"featured_media":8031,"parent":7908,"menu_order":1,"comment_status":"closed","ping_status":"closed","template":"","meta":{"_acf_changed":false,"footnotes":""},"class_list":["post-8054","page","type-page","status-publish","has-post-thumbnail","hentry"],"acf":[],"_links":{"self":[{"href":"https:\/\/augenklinik-bern.ch\/fr\/wp-json\/wp\/v2\/pages\/8054","targetHints":{"allow":["GET"]}}],"collection":[{"href":"https:\/\/augenklinik-bern.ch\/fr\/wp-json\/wp\/v2\/pages"}],"about":[{"href":"https:\/\/augenklinik-bern.ch\/fr\/wp-json\/wp\/v2\/types\/page"}],"author":[{"embeddable":true,"href":"https:\/\/augenklinik-bern.ch\/fr\/wp-json\/wp\/v2\/users\/2"}],"replies":[{"embeddable":true,"href":"https:\/\/augenklinik-bern.ch\/fr\/wp-json\/wp\/v2\/comments?post=8054"}],"version-history":[{"count":5,"href":"https:\/\/augenklinik-bern.ch\/fr\/wp-json\/wp\/v2\/pages\/8054\/revisions"}],"predecessor-version":[{"id":9407,"href":"https:\/\/augenklinik-bern.ch\/fr\/wp-json\/wp\/v2\/pages\/8054\/revisions\/9407"}],"up":[{"embeddable":true,"href":"https:\/\/augenklinik-bern.ch\/fr\/wp-json\/wp\/v2\/pages\/7908"}],"wp:featuredmedia":[{"embeddable":true,"href":"https:\/\/augenklinik-bern.ch\/fr\/wp-json\/wp\/v2\/media\/8031"}],"wp:attachment":[{"href":"https:\/\/augenklinik-bern.ch\/fr\/wp-json\/wp\/v2\/media?parent=8054"}],"curies":[{"name":"wp","href":"https:\/\/api.w.org\/{rel}","templated":true}]}}