{"id":8040,"date":"2020-05-06T11:56:25","date_gmt":"2020-05-06T09:56:25","guid":{"rendered":"https:\/\/augenklinik-bern.ch\/?page_id=8040"},"modified":"2020-05-06T11:56:26","modified_gmt":"2020-05-06T09:56:26","slug":"coronavirus-16-03-2020","status":"publish","type":"page","link":"https:\/\/augenklinik-bern.ch\/fr\/actualites\/coronavirus-off\/coronavirus-16-03-2020\/","title":{"rendered":"Coronavirus: 16.03.2020"},"content":{"rendered":"\n<p>En raison de la situation actuelle, nous recevons de nombreuses demandes et questions concernant un \u00e9ventuel risque de contagion au coronavirus. C\u2019est pourquoi nous souhaitons vous donner quelques informations ci-apr\u00e8s :<\/p>\n\n\n\n<ul class=\"wp-block-list\"><li>Les mesures d\u2019hygi\u00e8ne dans notre clinique sont strictement respect\u00e9es. Il s\u2019agit notamment de v\u00e9rifier l\u2019\u00e9tat de sant\u00e9 de tous les patients, de veiller \u00e0 une r\u00e9duction des temps d\u2019attente et \u00e0 un faible taux d\u2019occupation des salles d\u2019attente, et de proposer une proc\u00e9dure d\u2019examen plus courte suivant les besoins. De plus, des d\u00e9sinfectants sont disponibles partout.<\/li><\/ul>\n\n\n\n<ul class=\"wp-block-list\"><li>Le risque de contagion est plus \u00e9lev\u00e9 lorsque vous vous rendez dans notre cabinet, en particulier dans les transports publics. Nous vous demandons donc de venir si possible par d\u2019autres moyens de transport (voiture, taxi).<\/li><\/ul>\n\n\n\n<ul class=\"wp-block-list\"><li>Comme il est encore impossible de pr\u00e9voir la fin de la situation actuelle, il est probablement pr\u00e9f\u00e9rable de poursuivre votre traitement tant que le risque est encore acceptable, afin d\u2019\u00e9viter une d\u00e9gradation de votre vision suite \u00e0 un manque de th\u00e9rapie, et d\u2019avoir la possibilit\u00e9 de suspendre ult\u00e9rieurementle traitement.<\/li><\/ul>\n\n\n\n<p>Ind\u00e9pendamment des points susmentionn\u00e9s, c\u2019est \u00e0 vous de d\u00e9cider si vous souhaitez venir chez nous pour un examen. En tout \u00e9tat de cause, nous vous garantissons un traitement s\u00fbr et donc le meilleur possible, conform\u00e9ment \u00e0 toutes les directives, dans cette situation difficile \u00e0 \u00e9valuer. Nous sommes bien entendu \u00e0 votre enti\u00e8re disposition pour toute information compl\u00e9mentaire.\u00a0<\/p>\n\n\n\n<p>Nous vous remercions pour votre confiance,<\/p>\n\n\n\n<p>Votre Berner Augenklinik<br><em>16.03.2020<\/em><\/p>\n\n\n\n<p><\/p>\n","protected":false},"excerpt":{"rendered":"<p>En raison de la situation actuelle, nous recevons de nombreuses demandes et questions concernant un \u00e9ventuel risque de contagion au coronavirus. C\u2019est pourquoi nous souhaitons vous donner quelques informations ci-apr\u00e8s : Les mesures d\u2019hygi\u00e8ne dans notre clinique sont strictement respect\u00e9es. Il s\u2019agit notamment de v\u00e9rifier l\u2019\u00e9tat de sant\u00e9 de tous les patients, de veiller \u00e0<a class=\"excerpt-read-more\" href=\"https:\/\/augenklinik-bern.ch\/fr\/actualites\/coronavirus-off\/coronavirus-16-03-2020\/\" title=\"ReadCoronavirus: 16.03.2020\">&#8230; Read more &raquo;<\/a><\/p>\n","protected":false},"author":2,"featured_media":8031,"parent":8054,"menu_order":6,"comment_status":"closed","ping_status":"closed","template":"","meta":{"_acf_changed":false,"footnotes":""},"class_list":["post-8040","page","type-page","status-publish","has-post-thumbnail","hentry"],"acf":[],"_links":{"self":[{"href":"https:\/\/augenklinik-bern.ch\/fr\/wp-json\/wp\/v2\/pages\/8040","targetHints":{"allow":["GET"]}}],"collection":[{"href":"https:\/\/augenklinik-bern.ch\/fr\/wp-json\/wp\/v2\/pages"}],"about":[{"href":"https:\/\/augenklinik-bern.ch\/fr\/wp-json\/wp\/v2\/types\/page"}],"author":[{"embeddable":true,"href":"https:\/\/augenklinik-bern.ch\/fr\/wp-json\/wp\/v2\/users\/2"}],"replies":[{"embeddable":true,"href":"https:\/\/augenklinik-bern.ch\/fr\/wp-json\/wp\/v2\/comments?post=8040"}],"version-history":[{"count":2,"href":"https:\/\/augenklinik-bern.ch\/fr\/wp-json\/wp\/v2\/pages\/8040\/revisions"}],"predecessor-version":[{"id":8042,"href":"https:\/\/augenklinik-bern.ch\/fr\/wp-json\/wp\/v2\/pages\/8040\/revisions\/8042"}],"up":[{"embeddable":true,"href":"https:\/\/augenklinik-bern.ch\/fr\/wp-json\/wp\/v2\/pages\/8054"}],"wp:featuredmedia":[{"embeddable":true,"href":"https:\/\/augenklinik-bern.ch\/fr\/wp-json\/wp\/v2\/media\/8031"}],"wp:attachment":[{"href":"https:\/\/augenklinik-bern.ch\/fr\/wp-json\/wp\/v2\/media?parent=8040"}],"curies":[{"name":"wp","href":"https:\/\/api.w.org\/{rel}","templated":true}]}}