{"id":8028,"date":"2020-05-06T11:44:59","date_gmt":"2020-05-06T09:44:59","guid":{"rendered":"https:\/\/augenklinik-bern.ch\/?page_id=8028"},"modified":"2020-05-06T11:45:00","modified_gmt":"2020-05-06T09:45:00","slug":"coronavirus-18-03-2020","status":"publish","type":"page","link":"https:\/\/augenklinik-bern.ch\/fr\/actualites\/coronavirus-off\/coronavirus-18-03-2020\/","title":{"rendered":"Coronavirus 18.03.2020"},"content":{"rendered":"\n<p>L\u2019\u00e9quipe de la Berner Augenklinik du Lindenhofspital est \u00e0 votre disposition aussi longtemps que notre \u00e9tat de sant\u00e9 le permettra. Nous avons fait en sorte que tous les patients continuent \u00e0 avoir acc\u00e8s \u00e0 toutes les th\u00e9rapies qui sont importantes pour eux, dans la mesure o\u00f9 cela est en notre pouvoir. Un accent particulier est mis sur votre s\u00e9curit\u00e9 concernant la contagion au coronavirus pendant que vous \u00eates chez nous. Cela signifie \u00e9galement que vos proches ne peuvent pas vous accompagner \u00e0 notre clinique jusqu\u2019\u00e0 nouvel ordre.<\/p>\n\n\n\n<p>Comme la crise ne va pas s\u2019att\u00e9nuer avant la fin du mois de mai, nous vous d\u00e9conseillons de repousser les th\u00e9rapies n\u00e9cessaires si cela risque d\u2019affecter durablement votre sant\u00e9. Si vous souhaitez reporter votre traitement pour des raisons de sant\u00e9 (fi\u00e8vre et toux) ou \u00e0 cause du risque accru de contagion au coronavirus, vous pouvez suivre les principes suivants :<\/p>\n\n\n\n<p><\/p>\n\n\n\n<p><\/p>\n\n\n\n<ol class=\"wp-block-list\"><li>Tant que l\u2019acuit\u00e9 visuelle de chaque \u0153il est stable, notamment concernant la vision de pr\u00e8s, cela signifie que la stabilit\u00e9 est suffisante dans la plupart des cas.<\/li><li>Les intervalles de traitement jusqu\u2019ici respect\u00e9s sont optimis\u00e9s pour vous, mais peuvent \u00eatre rallong\u00e9s g\u00e9n\u00e9ralement de 20 % sur 1 ou 2 intervalles sans que la vision en soit affect\u00e9e.<\/li><li>Toute d\u00e9gradation visuelle grave doit continuer d\u2019\u00eatre clarifi\u00e9e de toute urgence.<\/li><li>Si vous avez des doutes, appelez-nous. Nous discuterons ensuite avec vous de la meilleure d\u00e9marche \u00e0 entreprendre dans votre cas. Cependant, vous devrez probablement vous armer d\u2019une plus grande patience pour pouvoir nous joindre, m\u00eame si nos capacit\u00e9s t\u00e9l\u00e9phoniques ont \u00e9t\u00e9 augment\u00e9es. Nous vous recommandons donc de nous contacter par e-mail ou par fax.<\/li><li>Vous pouvez d\u00e9sormais nous appeler aux heures de contact prolong\u00e9es de 8h00 \u00e0 12h00 et de 13h30 \u00e0 17h00 : <br>T\u00e9l\u00e9phone <a href=\"http:\/\/031 311 12 22\">031 311 12 22<\/a>, <br>Fax 031 311 14 33, <br>mais de pr\u00e9f\u00e9rence via\u00a0<br>e-mail <a href=\"mailto:info@augenklinik-bern.ch\">info@augenklinik-bern.ch<\/a>.\u00a0\u00a0<\/li><\/ol>\n\n\n\n<p>Tout comme vous, nous sommes impatients de pouvoir bient\u00f4t oublier ces temps difficiles pour tous. Au nom de toute l\u2019\u00e9quipe de la Berner Augenklinik du Lindenhofspital, nous vous souhaitons une attitude saine, courageuse et positive face \u00e0 cette p\u00e9riode d\u2019incertitude.<\/p>\n\n\n\n<p><strong>Jacqueline Balmer, \u00a0<\/strong>Responsabilit\u00e9 administrative<br><strong>Natalie Reichen, <\/strong>Responsabilit\u00e9 op\u00e9rationnelle<br><strong>Stefano Anastasi, <\/strong>Direction m\u00e9dicale<br><strong>Justus G. Garweg, <\/strong>Direction m\u00e9dicale<br><em>18.03.2020<\/em><strong>\u00a0\u00a0<\/strong><\/p>\n","protected":false},"excerpt":{"rendered":"<p>L\u2019\u00e9quipe de la Berner Augenklinik du Lindenhofspital est \u00e0 votre disposition aussi longtemps que notre \u00e9tat de sant\u00e9 le permettra. Nous avons fait en sorte que tous les patients continuent \u00e0 avoir acc\u00e8s \u00e0 toutes les th\u00e9rapies qui sont importantes pour eux, dans la mesure o\u00f9 cela est en notre pouvoir. Un accent particulier est<a class=\"excerpt-read-more\" href=\"https:\/\/augenklinik-bern.ch\/fr\/actualites\/coronavirus-off\/coronavirus-18-03-2020\/\" title=\"ReadCoronavirus 18.03.2020\">&#8230; Read more &raquo;<\/a><\/p>\n","protected":false},"author":2,"featured_media":8031,"parent":8054,"menu_order":4,"comment_status":"closed","ping_status":"closed","template":"template-full-width-teaser.php","meta":{"_acf_changed":false,"footnotes":""},"class_list":["post-8028","page","type-page","status-publish","has-post-thumbnail","hentry"],"acf":[],"_links":{"self":[{"href":"https:\/\/augenklinik-bern.ch\/fr\/wp-json\/wp\/v2\/pages\/8028","targetHints":{"allow":["GET"]}}],"collection":[{"href":"https:\/\/augenklinik-bern.ch\/fr\/wp-json\/wp\/v2\/pages"}],"about":[{"href":"https:\/\/augenklinik-bern.ch\/fr\/wp-json\/wp\/v2\/types\/page"}],"author":[{"embeddable":true,"href":"https:\/\/augenklinik-bern.ch\/fr\/wp-json\/wp\/v2\/users\/2"}],"replies":[{"embeddable":true,"href":"https:\/\/augenklinik-bern.ch\/fr\/wp-json\/wp\/v2\/comments?post=8028"}],"version-history":[{"count":2,"href":"https:\/\/augenklinik-bern.ch\/fr\/wp-json\/wp\/v2\/pages\/8028\/revisions"}],"predecessor-version":[{"id":8030,"href":"https:\/\/augenklinik-bern.ch\/fr\/wp-json\/wp\/v2\/pages\/8028\/revisions\/8030"}],"up":[{"embeddable":true,"href":"https:\/\/augenklinik-bern.ch\/fr\/wp-json\/wp\/v2\/pages\/8054"}],"wp:featuredmedia":[{"embeddable":true,"href":"https:\/\/augenklinik-bern.ch\/fr\/wp-json\/wp\/v2\/media\/8031"}],"wp:attachment":[{"href":"https:\/\/augenklinik-bern.ch\/fr\/wp-json\/wp\/v2\/media?parent=8028"}],"curies":[{"name":"wp","href":"https:\/\/api.w.org\/{rel}","templated":true}]}}