{"id":7935,"date":"2020-05-02T20:53:37","date_gmt":"2020-05-02T18:53:37","guid":{"rendered":"https:\/\/augenklinik-bern.ch\/?page_id=7935"},"modified":"2026-03-03T19:39:49","modified_gmt":"2026-03-03T17:39:49","slug":"approche","status":"publish","type":"page","link":"https:\/\/augenklinik-bern.ch\/fr\/approche\/","title":{"rendered":"Acc\u00e8s"},"content":{"rendered":"\n<h2 class=\"wp-block-heading\">Plan du site<\/h2>\n\n\n\n<div class=\"mapWrap\"><iframe style=\"width:560px;height:420px;border:0\" src=\"https:\/\/map.search.ch\/Bern, Zieglerstr. 29?x=3m&amp;y=3m&amp;poi=zug,haltestelle,bergbahn,parking,viasuisse,velo,mobility,spital&amp;z=1024&amp;embed=iframe\"><\/iframe><\/div>\n\n\n\n<p><a href=\"https:\/\/augenklinik-bern.ch\/wp-content\/uploads\/Lageplan_Zieglerstrasse_f.pdf\" target=\"_blank\" rel=\"noreferrer noopener\">T\u00e9l\u00e9charger le plan d\u2019acc\u00e8s (PDF)<\/a><\/p>\n\n\n\n<h3 class=\"wp-block-heading\"><strong>\u00c0 PIED DEPUIS LA GARE<\/strong><\/h3>\n\n\n\n<p>env. 10 minutes<\/p>\n\n\n\n<h3 class=\"wp-block-heading\"><strong>AVEC LES TRANSPORTS PUBLICS DEPUIS LA GARE<\/strong><\/h3>\n\n\n\n<ul class=\"wp-block-list\">\n<li><strong>Tram 3&nbsp;<\/strong>direction \u00ab\u00a0Weissenb\u00fchl\u00a0\u00bb (ar\u00eate J)&nbsp;<strong>3 arr\u00eats jusqu&rsquo;\u00e0 \u00abHasler\u00bb<\/strong><\/li>\n\n\n\n<li><strong>Tram 7&nbsp;<\/strong>direction \u00ab\u00a0B\u00fcmpliz\u00a0\u00bb (ar\u00eate D) <strong>2 arr\u00eats jusqu&rsquo;\u00e0 \u00ab<strong>Kocherpark<\/strong>\u00bb<\/strong><\/li>\n\n\n\n<li><strong>Tram 8&nbsp;<\/strong>direction \u00ab\u00a0Br\u00fcnnen Westside\u00a0\u00bb (ar\u00eate C) <strong>2 arr\u00eats jusqu&rsquo;\u00e0 \u00ab<strong>Kocherpark<\/strong>\u00bb<\/strong><\/li>\n<\/ul>\n\n\n\n<h3 class=\"wp-block-heading\"><strong>EN VOITURE DEPUIS ZURICH, THOUNE, MORAT OU FRIBOURG<\/strong><\/h3>\n\n\n\n<p>Sortie d&rsquo;autoroute&nbsp;<strong>\u00abBern-Forsthaus\u00bb<\/strong>, direction&nbsp;<strong>\u00abZentrum\u00bb<\/strong>. suivre les indications du parking&nbsp;<strong>\u00abCity West\u00bb<\/strong>.<br>Utiliser la sortie <strong>\u00abEffingerstrasse\u00bb<\/strong> du parking, marcher en direction de la&nbsp;<strong>\u00abBelpstrasse\u00bb<\/strong>.<\/p>\n\n\n\n<h3 class=\"wp-block-heading\">PLACES DE STATIONNEMENT POUR LES PATIENTS \u00c0 MOBILIT\u00c9 R\u00c9DUITE<\/h3>\n\n\n\n<p>Vous trouverez <a href=\"https:\/\/www.rollstuhlparkplatz.ch\/fr\/?zoom=11&amp;lon=599194&amp;lat=199329\" target=\"_blank\" rel=\"noreferrer noopener\">ici<\/a> des places de stationnement pour les personnes \u00e0 mobilit\u00e9 r\u00e9duite.<\/p>\n\n\n\n<h3 class=\"wp-block-heading\">ENTREE<\/h3>\n\n\n<div class=\"wp-block-image is-style-rounded\">\n<figure data-wp-context=\"{&quot;imageId&quot;:&quot;69de517708971&quot;}\" data-wp-interactive=\"core\/image\" class=\"alignleft size-thumbnail wp-lightbox-container\"><img loading=\"lazy\" decoding=\"async\" width=\"150\" height=\"150\" data-wp-class--hide=\"state.isContentHidden\" data-wp-class--show=\"state.isContentVisible\" data-wp-init=\"callbacks.setButtonStyles\" data-wp-on-async--click=\"actions.showLightbox\" data-wp-on-async--load=\"callbacks.setButtonStyles\" data-wp-on-async-window--resize=\"callbacks.setButtonStyles\" src=\"https:\/\/augenklinik-bern.ch\/wp-content\/uploads\/\/DSC_7507-150x150.jpg\" alt=\"\" class=\"wp-image-15390\" srcset=\"https:\/\/augenklinik-bern.ch\/wp-content\/uploads\/DSC_7507-150x150.jpg 150w, https:\/\/augenklinik-bern.ch\/wp-content\/uploads\/DSC_7507-300x300.jpg 300w, https:\/\/augenklinik-bern.ch\/wp-content\/uploads\/DSC_7507-1024x1024.jpg 1024w, https:\/\/augenklinik-bern.ch\/wp-content\/uploads\/DSC_7507-768x768.jpg 768w, https:\/\/augenklinik-bern.ch\/wp-content\/uploads\/DSC_7507-125x125.jpg 125w, https:\/\/augenklinik-bern.ch\/wp-content\/uploads\/DSC_7507.jpg 1200w\" sizes=\"auto, (max-width: 150px) 100vw, 150px\" \/><button\n\t\t\tclass=\"lightbox-trigger\"\n\t\t\ttype=\"button\"\n\t\t\taria-haspopup=\"dialog\"\n\t\t\taria-label=\"Agrandir\"\n\t\t\tdata-wp-init=\"callbacks.initTriggerButton\"\n\t\t\tdata-wp-on-async--click=\"actions.showLightbox\"\n\t\t\tdata-wp-style--right=\"state.imageButtonRight\"\n\t\t\tdata-wp-style--top=\"state.imageButtonTop\"\n\t\t>\n\t\t\t<svg xmlns=\"http:\/\/www.w3.org\/2000\/svg\" width=\"12\" height=\"12\" fill=\"none\" viewBox=\"0 0 12 12\">\n\t\t\t\t<path fill=\"#fff\" d=\"M2 0a2 2 0 0 0-2 2v2h1.5V2a.5.5 0 0 1 .5-.5h2V0H2Zm2 10.5H2a.5.5 0 0 1-.5-.5V8H0v2a2 2 0 0 0 2 2h2v-1.5ZM8 12v-1.5h2a.5.5 0 0 0 .5-.5V8H12v2a2 2 0 0 1-2 2H8Zm2-12a2 2 0 0 1 2 2v2h-1.5V2a.5.5 0 0 0-.5-.5H8V0h2Z\" \/>\n\t\t\t<\/svg>\n\t\t<\/button><\/figure><\/div>\n\n<div class=\"wp-block-image is-style-rounded\">\n<figure data-wp-context=\"{&quot;imageId&quot;:&quot;69de517709114&quot;}\" data-wp-interactive=\"core\/image\" class=\"alignleft size-thumbnail wp-lightbox-container\"><img loading=\"lazy\" decoding=\"async\" width=\"150\" height=\"150\" data-wp-class--hide=\"state.isContentHidden\" data-wp-class--show=\"state.isContentVisible\" data-wp-init=\"callbacks.setButtonStyles\" data-wp-on-async--click=\"actions.showLightbox\" data-wp-on-async--load=\"callbacks.setButtonStyles\" data-wp-on-async-window--resize=\"callbacks.setButtonStyles\" src=\"https:\/\/augenklinik-bern.ch\/wp-content\/uploads\/\/BernerAugenklinik2024_02-150x150.jpg\" alt=\"\" class=\"wp-image-17283\" style=\"aspect-ratio:1;object-fit:cover\" srcset=\"https:\/\/augenklinik-bern.ch\/wp-content\/uploads\/BernerAugenklinik2024_02-150x150.jpg 150w, https:\/\/augenklinik-bern.ch\/wp-content\/uploads\/BernerAugenklinik2024_02-125x125.jpg 125w\" sizes=\"auto, (max-width: 150px) 100vw, 150px\" \/><button\n\t\t\tclass=\"lightbox-trigger\"\n\t\t\ttype=\"button\"\n\t\t\taria-haspopup=\"dialog\"\n\t\t\taria-label=\"Agrandir\"\n\t\t\tdata-wp-init=\"callbacks.initTriggerButton\"\n\t\t\tdata-wp-on-async--click=\"actions.showLightbox\"\n\t\t\tdata-wp-style--right=\"state.imageButtonRight\"\n\t\t\tdata-wp-style--top=\"state.imageButtonTop\"\n\t\t>\n\t\t\t<svg xmlns=\"http:\/\/www.w3.org\/2000\/svg\" width=\"12\" height=\"12\" fill=\"none\" viewBox=\"0 0 12 12\">\n\t\t\t\t<path fill=\"#fff\" d=\"M2 0a2 2 0 0 0-2 2v2h1.5V2a.5.5 0 0 1 .5-.5h2V0H2Zm2 10.5H2a.5.5 0 0 1-.5-.5V8H0v2a2 2 0 0 0 2 2h2v-1.5ZM8 12v-1.5h2a.5.5 0 0 0 .5-.5V8H12v2a2 2 0 0 1-2 2H8Zm2-12a2 2 0 0 1 2 2v2h-1.5V2a.5.5 0 0 0-.5-.5H8V0h2Z\" \/>\n\t\t\t<\/svg>\n\t\t<\/button><\/figure><\/div>\n\n<div class=\"wp-block-image is-style-rounded\">\n<figure data-wp-context=\"{&quot;imageId&quot;:&quot;69de517709791&quot;}\" data-wp-interactive=\"core\/image\" class=\"alignleft size-thumbnail wp-lightbox-container\"><img loading=\"lazy\" decoding=\"async\" width=\"150\" height=\"150\" data-wp-class--hide=\"state.isContentHidden\" data-wp-class--show=\"state.isContentVisible\" data-wp-init=\"callbacks.setButtonStyles\" data-wp-on-async--click=\"actions.showLightbox\" data-wp-on-async--load=\"callbacks.setButtonStyles\" data-wp-on-async-window--resize=\"callbacks.setButtonStyles\" src=\"https:\/\/augenklinik-bern.ch\/wp-content\/uploads\/\/BernerAugenklinik2024_03-150x150.jpg\" alt=\"\" class=\"wp-image-17286\" style=\"aspect-ratio:1;object-fit:cover\" srcset=\"https:\/\/augenklinik-bern.ch\/wp-content\/uploads\/BernerAugenklinik2024_03-150x150.jpg 150w, https:\/\/augenklinik-bern.ch\/wp-content\/uploads\/BernerAugenklinik2024_03-125x125.jpg 125w\" sizes=\"auto, (max-width: 150px) 100vw, 150px\" \/><button\n\t\t\tclass=\"lightbox-trigger\"\n\t\t\ttype=\"button\"\n\t\t\taria-haspopup=\"dialog\"\n\t\t\taria-label=\"Agrandir\"\n\t\t\tdata-wp-init=\"callbacks.initTriggerButton\"\n\t\t\tdata-wp-on-async--click=\"actions.showLightbox\"\n\t\t\tdata-wp-style--right=\"state.imageButtonRight\"\n\t\t\tdata-wp-style--top=\"state.imageButtonTop\"\n\t\t>\n\t\t\t<svg xmlns=\"http:\/\/www.w3.org\/2000\/svg\" width=\"12\" height=\"12\" fill=\"none\" viewBox=\"0 0 12 12\">\n\t\t\t\t<path fill=\"#fff\" d=\"M2 0a2 2 0 0 0-2 2v2h1.5V2a.5.5 0 0 1 .5-.5h2V0H2Zm2 10.5H2a.5.5 0 0 1-.5-.5V8H0v2a2 2 0 0 0 2 2h2v-1.5ZM8 12v-1.5h2a.5.5 0 0 0 .5-.5V8H12v2a2 2 0 0 1-2 2H8Zm2-12a2 2 0 0 1 2 2v2h-1.5V2a.5.5 0 0 0-.5-.5H8V0h2Z\" \/>\n\t\t\t<\/svg>\n\t\t<\/button><\/figure><\/div>\n\n\n<p><\/p>\n\n\n\n<p><\/p>\n\n\n\n<p><\/p>\n","protected":false},"excerpt":{"rendered":"<p>Plan du site T\u00e9l\u00e9charger le plan d\u2019acc\u00e8s (PDF) \u00c0 PIED DEPUIS LA GARE env. 10 minutes AVEC LES TRANSPORTS PUBLICS DEPUIS LA GARE EN VOITURE DEPUIS ZURICH, THOUNE, MORAT OU FRIBOURG Sortie d&rsquo;autoroute&nbsp;\u00abBern-Forsthaus\u00bb, direction&nbsp;\u00abZentrum\u00bb. suivre les indications du parking&nbsp;\u00abCity West\u00bb.Utiliser la sortie \u00abEffingerstrasse\u00bb du parking, marcher en direction de la&nbsp;\u00abBelpstrasse\u00bb. PLACES DE STATIONNEMENT POUR LES<a class=\"excerpt-read-more\" href=\"https:\/\/augenklinik-bern.ch\/fr\/approche\/\" title=\"ReadAcc\u00e8s\">&#8230; Read more &raquo;<\/a><\/p>\n","protected":false},"author":2,"featured_media":15521,"parent":0,"menu_order":9,"comment_status":"closed","ping_status":"closed","template":"template-full-width-teaser.php","meta":{"_acf_changed":false,"footnotes":""},"class_list":["post-7935","page","type-page","status-publish","has-post-thumbnail","hentry"],"acf":[],"_links":{"self":[{"href":"https:\/\/augenklinik-bern.ch\/fr\/wp-json\/wp\/v2\/pages\/7935","targetHints":{"allow":["GET"]}}],"collection":[{"href":"https:\/\/augenklinik-bern.ch\/fr\/wp-json\/wp\/v2\/pages"}],"about":[{"href":"https:\/\/augenklinik-bern.ch\/fr\/wp-json\/wp\/v2\/types\/page"}],"author":[{"embeddable":true,"href":"https:\/\/augenklinik-bern.ch\/fr\/wp-json\/wp\/v2\/users\/2"}],"replies":[{"embeddable":true,"href":"https:\/\/augenklinik-bern.ch\/fr\/wp-json\/wp\/v2\/comments?post=7935"}],"version-history":[{"count":28,"href":"https:\/\/augenklinik-bern.ch\/fr\/wp-json\/wp\/v2\/pages\/7935\/revisions"}],"predecessor-version":[{"id":18620,"href":"https:\/\/augenklinik-bern.ch\/fr\/wp-json\/wp\/v2\/pages\/7935\/revisions\/18620"}],"wp:featuredmedia":[{"embeddable":true,"href":"https:\/\/augenklinik-bern.ch\/fr\/wp-json\/wp\/v2\/media\/15521"}],"wp:attachment":[{"href":"https:\/\/augenklinik-bern.ch\/fr\/wp-json\/wp\/v2\/media?parent=7935"}],"curies":[{"name":"wp","href":"https:\/\/api.w.org\/{rel}","templated":true}]}}