{"id":7890,"date":"2020-04-30T15:59:47","date_gmt":"2020-04-30T13:59:47","guid":{"rendered":"https:\/\/augenklinik-bern.ch\/?page_id=7890"},"modified":"2025-09-26T13:25:56","modified_gmt":"2025-09-26T11:25:56","slug":"eventail-des-prestations","status":"publish","type":"page","link":"https:\/\/augenklinik-bern.ch\/fr\/a-propos\/eventail-des-prestations\/","title":{"rendered":"\u00c9ventail des prestations"},"content":{"rendered":"\n<h2 class=\"wp-block-heading\">\u00c9ventail des prestations<\/h2>\n\n\n\n<p>Nous sommes en mesure d\u2019effectuer un large \u00e9ventail d\u2019interventions chirurgicales ambulatoires ou de court s\u00e9jour. Les urgences telles que le d\u00e9collement de la r\u00e9tine peuvent \u00eatre prises en charge dans un d\u00e9lai tr\u00e8s rapide, voire \u00e0 toute heure du jour ou de la nuit si cela est m\u00e9dicalement n\u00e9cessaire.<\/p>\n\n\n\n<p>Voici un aper\u00e7u de notre offre diagnostique et th\u00e9rapeutique :<\/p>\n\n\n\n\t<ul class=\"accordion\" data-accordion data-allow-all-closed=\"true\" data-multi-expand=\"true\">\n\t\n\t\t\t\t\t<li class=\"accordion-item grid-x grid-margin-x grid-padding-x\" data-accordion-item>\n\t\t\t\t<a href=\"#\" class=\"accordion-title small-12 medium-12 large-12 cell\">Diagnostic<\/a>\n\t\t\t\t<div class=\"accordion-content\" data-tab-content>\n\t\t\t\t\t<div class=\"grid-x grid-margin-x grid-padding-x medium-margin-collapse\">\n\t\t\t\t\t\t\t\t\t\t\t<div class=\"accordion-txt small-12 medium-12 large-12 cell\">\t\n\t\t\t\t\t\t<ul>\n<li><a href=\"https:\/\/augenklinik-bern.ch\/fr\/a-propos\/eventail-des-prestations\/diagnostic-clinique\/\">Diagnostic clinique<\/a> (lampe \u00e0 fente, bio-microscopie)<\/li>\n<li><a href=\"https:\/\/augenklinik-bern.ch\/fr\/a-propos\/eventail-des-prestations\/refractometrie\/\">R\u00e9fractom\u00e9trie<\/a> (mesure de l\u2019acuit\u00e9 visuelle et verres correcteurs)<\/li>\n<li><a href=\"https:\/\/augenklinik-bern.ch\/fr\/a-propos\/eventail-des-prestations\/perimetrie\/\">P\u00e9rim\u00e9trie (par ordinateur) dynamique et statique<\/a> (champs visuels de Goldmann et d\u2019Octopus)<\/li>\n<li><a href=\"https:\/\/augenklinik-bern.ch\/fr\/a-propos\/eventail-des-prestations\/microperimetrie\/\">Microp\u00e9rim\u00e9trie<\/a> (diagnostic fonctionnel du centre de la r\u00e9tine (macula) et analyse du comportement de fixation)<\/li>\n<li><a href=\"https:\/\/augenklinik-bern.ch\/fr\/a-propos\/eventail-des-prestations\/tonometrie\/\">Tonom\u00e9trie<\/a> (avec ou sans contact, tonom\u00e9trie dynamique de contour)<\/li>\n<li><a href=\"https:\/\/augenklinik-bern.ch\/fr\/a-propos\/eventail-des-prestations\/topographie-pachymetrie\/\">Topographie et pachym\u00e9trie corn\u00e9ennes<\/a> (ultrasons et repr\u00e9sentation par cam\u00e9ra Scheimpflug)<\/li>\n<li><a href=\"https:\/\/augenklinik-bern.ch\/fr\/a-propos\/eventail-des-prestations\/biometrie\/\">Biom\u00e9trie<\/a> (interf\u00e9rence \u00e0 laser et ultrasons)<\/li>\n<li><a href=\"https:\/\/augenklinik-bern.ch\/fr\/a-propos\/eventail-des-prestations\/diagnostic-des-tissus-oculaires-et-orbitaux\/\">Diagnostic histologique oculaire et orbital<\/a> (visualisations de type A et de type B)<\/li>\n<li><a href=\"https:\/\/augenklinik-bern.ch\/fr\/a-propos\/eventail-des-prestations\/analyse-par-oct\/\">Analyse par OCT des segments ant\u00e9rieur et post\u00e9rieur de l\u2019\u0153il<\/a> (tomographie par coh\u00e9rence optique)<\/li>\n<li><a href=\"https:\/\/augenklinik-bern.ch\/fr\/a-propos\/eventail-des-prestations\/photographie-du-segment-anterieur\/\">Photographie du segment ant\u00e9rieur<\/a> et <a href=\"https:\/\/augenklinik-bern.ch\/fr\/a-propos\/eventail-des-prestations\/photographie-du-segment-posterieur\/\">du fonds de l\u2019\u0153il<\/a> (photographie par lampe \u00e0 fente, photographie par grand angle (retinamap), photographie multicolore et \u00e0 auto-fluorescence)<\/li>\n<li><a href=\"https:\/\/augenklinik-bern.ch\/fr\/a-propos\/eventail-des-prestations\/angiographie-a-la-fluoresceine-et-a-lindocyanine\/\">Angiographie \u00e0 la fluoresc\u00e9ine et \u00e0 l\u2019indocyanine<\/a> (technologie conventionnelle et balayage laser) et angiographie grand angle<\/li>\n<li><a href=\"https:\/\/augenklinik-bern.ch\/fr\/patients\/maladies-des-yeux\/uveite\/\">Diagnostic de l\u2019uv\u00e9ite<\/a>, y compris diagnostic de l\u2019humeur aqueuse et du corps vitreux<\/li>\n<\/ul>\n\t\t\t\t\t\t<\/div>\n\t\t\t\t\t<\/div>\n\t\t\t\t<\/div>\n\t\t\t<\/li>\n\t\t\t\t\t<li class=\"accordion-item grid-x grid-margin-x grid-padding-x\" data-accordion-item>\n\t\t\t\t<a href=\"#\" class=\"accordion-title small-12 medium-12 large-12 cell\">Traitement<\/a>\n\t\t\t\t<div class=\"accordion-content\" data-tab-content>\n\t\t\t\t\t<div class=\"grid-x grid-margin-x grid-padding-x medium-margin-collapse\">\n\t\t\t\t\t\t\t\t\t\t\t<div class=\"accordion-txt small-12 medium-12 large-12 cell\">\t\n\t\t\t\t\t\t<ul>\n<li>Traitement au laser de la r\u00e9tine (<a href=\"https:\/\/augenklinik-bern.ch\/fr\/a-propos\/eventail-des-prestations\/laser-argon\/\">laser argon<\/a> et laser micropuls\u00e9 \u00e0 pattern et \u00e0 diode)<\/li>\n<li><a href=\"https:\/\/augenklinik-bern.ch\/fr\/a-propos\/eventail-des-prestations\/traitement-au-laser-de-la-cataracte-secondaire\/\">Traitement au laser de la cataracte secondaire<\/a> et du glaucome (Laser YAG)<\/li>\n<li>Trab\u00e9culoplastie au laser visant \u00e0 r\u00e9duire la pression intra-oculaire<\/li>\n<li>Traitement au laser des glaucomes secondaires et tumeurs (laser infrarouge pour la cyclophotocoagulation et thermoth\u00e9rapie transpupillaire)<\/li>\n<li><a href=\"https:\/\/augenklinik-bern.ch\/fr\/patients\/maladies-des-yeux\/amd-und-geographische-atrophie\/\">Photobiomodulation<\/a><\/li>\n<li><a href=\"https:\/\/augenklinik-bern.ch\/fr\/a-propos\/eventail-des-prestations\/therapie-photodynamique\/\">Th\u00e9rapie photodynamique<\/a> (pour certaines affections maculaires)<\/li>\n<li><a href=\"https:\/\/augenklinik-bern.ch\/fr\/patients\/maladies-des-yeux\/trockene-augen\/\">Traitement des yeux secs<\/a><\/li>\n<li>Chirurgie des paupi\u00e8res : bl\u00e9pharoplastie sup\u00e9rieure (prise en charge par l\u2019assurance maladie ou \u00e0 la charge du patient), malpositions palp\u00e9brales et tumeurs des paupi\u00e8res<\/li>\n<li>Chirurgie du pt\u00e9rygion (ex\u00e9r\u00e8se d\u2019un pt\u00e9rygion)<\/li>\n<li>Th\u00e9rapies intravitr\u00e9ennes (principalement en cas d\u2019affections maculaires et d\u2019uv\u00e9ite)<\/li>\n<li>Op\u00e9rations de la cataracte (implants de lentilles intraoculaires pliables, entre autres avec filtres de lumi\u00e8re bleue, lentilles toriques), lentilles AddOn<\/li>\n<li>Reconstruction du segment ant\u00e9rieur suite \u00e0 traumatisme, y compris reconstruction de l\u2019iris<\/li>\n<li>Chirurgie du vitr\u00e9 et de la macula<\/li>\n<li>Chirurgie du d\u00e9collement de la r\u00e9tine et r\u00e9interventions (plombage, cerclage, vitrectomie)<\/li>\n<li>Chirurgie des affections vasculaires de la r\u00e9tine (diab\u00e8te, thromboses veineuses, etc.)<\/li>\n<li>R\u00e9interventions\n<ul class=\"block-editor-rich-text__editable editor-rich-text__editable\" role=\"textbox\" data-is-placeholder-visible=\"false\" aria-label=\"Schreibe eine Liste\u2026\">\n<li>apr\u00e8s op\u00e9rations compliqu\u00e9es de la cataracte<\/li>\n<li>en cas de luxation de la lentille intraoculaire<\/li>\n<li>remplacement des LIO par des lentilles artificielles r\u00e9tropupillaires Artisan fix\u00e9es<\/li>\n<li>fixation de suture de la LIO existante<\/li>\n<\/ul>\n<\/li>\n<\/ul>\n\t\t\t\t\t\t<\/div>\n\t\t\t\t\t<\/div>\n\t\t\t\t<\/div>\n\t\t\t<\/li>\n\t\t\t\n\t<\/ul>\n\n\n\n\n<h3 class=\"wp-block-heading\">Ce que nous ne proposons pas :<\/h3>\n\n\n\n<ul class=\"wp-block-list\">\n<li>traitement au laser pour traiter les d\u00e9fauts de vision<\/li>\n\n\n\n<li>interventions chirurgicales sp\u00e9ciales (p. ex. op\u00e9rations de strabisme, greffes de corn\u00e9e, etc.)<\/li>\n\n\n\n<li>traitement du k\u00e9ratoc\u00f4ne<\/li>\n\n\n\n<li>urgences chez les enfants<\/li>\n\n\n\n<li>prophylaxie de la myopie<\/li>\n<\/ul>\n\n\n\t<div class=\"grid-x grid-margin-x grid-padding-x block-bild-text le medium-margin-collapse\">\n\t  <div class=\"cell medium-4 large-4\">\n\t  \t\t\t\t\t\t\t\t\t\t<div class=\"singleImg\">\n\t\t\t\t\t\t<img decoding=\"async\" alt=\"\" title=\"\" class=\"bt-img\" src=\"https:\/\/augenklinik-bern.ch\/wp-content\/uploads\/socialmedia-300x300.jpg\" \/>\n\t\t\t\t\t\t<div class=\"singleImgCaption\"><\/div>\n\t\t\t\t\t<\/div>\n\t\t\t\t\t\t\t\t\n\t  \n\t  <\/div>\n\t  <div class=\"cell medium-8 large-8\"><h2><b class=\"b5\">Restez<\/b><b class=\"b4\"> i<\/b><b class=\"b3\">nform\u00e9<\/b><\/h2>\n<p><strong>Instagram News:<\/strong><br \/>\n<a href=\"https:\/\/instagram.com\/berner__augenklinik\/\" target=\"_blank\" rel=\"noopener\">instagram.com\/berner__augenklinik<\/a><\/p>\n<p><strong>Linkedin:<\/strong><br \/>\n<a href=\"https:\/\/linkedin.com\/company\/berner-augenklinik\" target=\"_blank\" rel=\"noopener\">linkedin.com\/company\/berner-augenklinik<\/a><\/p>\n<\/div>\n\t<\/div>\n","protected":false},"excerpt":{"rendered":"<p>\u00c9ventail des prestations Nous sommes en mesure d\u2019effectuer un large \u00e9ventail d\u2019interventions chirurgicales ambulatoires ou de court s\u00e9jour. Les urgences telles que le d\u00e9collement de la r\u00e9tine peuvent \u00eatre prises en charge dans un d\u00e9lai tr\u00e8s rapide, voire \u00e0 toute heure du jour ou de la nuit si cela est m\u00e9dicalement n\u00e9cessaire. Voici un aper\u00e7u<a class=\"excerpt-read-more\" href=\"https:\/\/augenklinik-bern.ch\/fr\/a-propos\/eventail-des-prestations\/\" title=\"Read\u00c9ventail des prestations\">&#8230; Read more &raquo;<\/a><\/p>\n","protected":false},"author":2,"featured_media":15428,"parent":7756,"menu_order":1,"comment_status":"closed","ping_status":"closed","template":"","meta":{"_acf_changed":false,"footnotes":""},"class_list":["post-7890","page","type-page","status-publish","has-post-thumbnail","hentry"],"acf":[],"_links":{"self":[{"href":"https:\/\/augenklinik-bern.ch\/fr\/wp-json\/wp\/v2\/pages\/7890","targetHints":{"allow":["GET"]}}],"collection":[{"href":"https:\/\/augenklinik-bern.ch\/fr\/wp-json\/wp\/v2\/pages"}],"about":[{"href":"https:\/\/augenklinik-bern.ch\/fr\/wp-json\/wp\/v2\/types\/page"}],"author":[{"embeddable":true,"href":"https:\/\/augenklinik-bern.ch\/fr\/wp-json\/wp\/v2\/users\/2"}],"replies":[{"embeddable":true,"href":"https:\/\/augenklinik-bern.ch\/fr\/wp-json\/wp\/v2\/comments?post=7890"}],"version-history":[{"count":31,"href":"https:\/\/augenklinik-bern.ch\/fr\/wp-json\/wp\/v2\/pages\/7890\/revisions"}],"predecessor-version":[{"id":18406,"href":"https:\/\/augenklinik-bern.ch\/fr\/wp-json\/wp\/v2\/pages\/7890\/revisions\/18406"}],"up":[{"embeddable":true,"href":"https:\/\/augenklinik-bern.ch\/fr\/wp-json\/wp\/v2\/pages\/7756"}],"wp:featuredmedia":[{"embeddable":true,"href":"https:\/\/augenklinik-bern.ch\/fr\/wp-json\/wp\/v2\/media\/15428"}],"wp:attachment":[{"href":"https:\/\/augenklinik-bern.ch\/fr\/wp-json\/wp\/v2\/media?parent=7890"}],"curies":[{"name":"wp","href":"https:\/\/api.w.org\/{rel}","templated":true}]}}