{"id":7876,"date":"2020-04-30T15:28:37","date_gmt":"2020-04-30T13:28:37","guid":{"rendered":"https:\/\/augenklinik-bern.ch\/?page_id=7876"},"modified":"2026-04-17T14:18:24","modified_gmt":"2026-04-17T12:18:24","slug":"accueil","status":"publish","type":"page","link":"https:\/\/augenklinik-bern.ch\/fr\/","title":{"rendered":"Accueil"},"content":{"rendered":"\t<div class=\"grid-x grid-margin-x grid-padding-x block-bild-text le medium-margin-collapse\">\n\t  <div class=\"cell medium-4 large-4\">\n\t  \t\t\t\t\t\t\t\t\t\t<div class=\"singleImg\">\n\t\t\t\t\t\t<img decoding=\"async\" alt=\"\" title=\"\" class=\"bt-img\" src=\"https:\/\/augenklinik-bern.ch\/wp-content\/uploads\/umzug22-300x300.jpg\" \/>\n\t\t\t\t\t\t<div class=\"singleImgCaption\"><\/div>\n\t\t\t\t\t<\/div>\n\t\t\t\t\t\t\t\t\n\t  \n\t  <\/div>\n\t  <div class=\"cell medium-8 large-8\"><h2>Informations importantes<\/h2>\n<p>Du 06.07 au 07.08.2026, des modifications des transports publics autour de la gare de Berne auront lieu en raison de travaux de BERNMOBIL.<br \/>\nVeuillez pr\u00e9voir plus de temps pour votre trajet et v\u00e9rifier les correspondances actuelles \u00e0 l\u2019avance.<br \/>\nNous vous remercions de votre compr\u00e9hension.<\/p>\n<p><a href=\"https:\/\/www.bernmobil.ch\/de\/verkehrsinformationen\/baustellen\" rel=\"noopener\" target=\"_blank\">Cliquez ici pour plus d&rsquo;informations<\/a><\/p>\n<\/div>\n\t<\/div>\n\n\n\t<div class=\"grid-x grid-margin-x grid-padding-x block-bild-text ri medium-margin-collapse\">\n\t  <div class=\"cell medium-8 large-8 small-order-2 medium-order-1\"><h2>UN COUP D&rsquo;\u0152IL DANS LES COULISSES DE LA CLINIQUE OPHTALMOLOGIQUE DE BERNE<\/h2>\n<p>Notre film promotionnel vous donne un aper\u00e7u du quotidien de notre clinique, de nos valeurs et de notre travail quotidien. D\u00e9couvrez notre \u00e9quipe engag\u00e9e et apprenez ce qui fait la particularit\u00e9 de notre clinique ophtalmologique.<\/p>\n<p><a href=\"https:\/\/augenklinik-bern.ch\/fr\/a-propos\/dans-les-coulisses\/\" rel=\"noopener\">Cliquez ici pour voir le film<\/a><\/p>\n<\/div>\n\t  <div class=\"cell medium-4 large-4 small-order-1 medium-order-2\">\n\t  \t\t\t\t\t\t\t\t\t<div class=\"singleImg\">\n\t\t\t\t\t\t<img decoding=\"async\" alt=\"\" title=\"\" class=\"bt-img\" src=\"https:\/\/augenklinik-bern.ch\/wp-content\/uploads\/BernerAugenklinik-129-1.jpg\" \/>\n\t\t\t\t\t\t<div class=\"singleImgCaption\"><\/div>\n\t\t\t\t\t<\/div>\n\t\t\t\t\t\t\t\t\n\t  <\/div>\n\t<\/div>\n\n\n\t<div class=\"grid-x grid-margin-x grid-padding-x block-bild-text le medium-margin-collapse\">\n\t  <div class=\"cell medium-4 large-4\">\n\t  \t\t\t\t\t\t\t\t\t\t<div class=\"singleImg\">\n\t\t\t\t\t\t<img decoding=\"async\" alt=\"\" title=\"\" class=\"bt-img\" src=\"https:\/\/augenklinik-bern.ch\/wp-content\/uploads\/trockene-augen-300x300.jpg\" \/>\n\t\t\t\t\t\t<div class=\"singleImgCaption\"><\/div>\n\t\t\t\t\t<\/div>\n\t\t\t\t\t\t\t\t\n\t  \n\t  <\/div>\n\t  <div class=\"cell medium-8 large-8\"><h2>Consultations sp\u00e9cialis\u00e9es pour les yeux secs<\/h2>\n<p style=\"font-weight: 400;\">D\u00e8s automne 2025, nous proposons des consultations sp\u00e9cialis\u00e9es pour les <strong>yeux secs<\/strong>.<\/p>\n<p style=\"font-weight: 400;\">La <a href=\"https:\/\/augenklinik-bern.ch\/fr\/patients\/maladies-des-yeux\/trockene-augen\/\">s\u00e9cheresse oculaire<\/a> est un trouble tr\u00e8s r\u00e9pandu qui peut consid\u00e9rablement nuire \u00e0 la qualit\u00e9 de vie. Gr\u00e2ce \u00e0 des examens modernes et des traitements cibl\u00e9s, nous souhaitons vous aider \u00e0 soulager vos sympt\u00f4mes.<\/p>\n<p>Pour plus d\u2019informations ou pour prendre rendez-vous, n\u2019h\u00e9sitez pas \u00e0 nous contacter par <a href=\"mailto:info@augenklinik-bern.ch\">e-mail<\/a> ou par t\u00e9l\u00e9phone.<\/p>\n<\/div>\n\t<\/div>\n\n\n\t<div class=\"grid-x grid-margin-x grid-padding-x block-bild-text ri medium-margin-collapse\">\n\t  <div class=\"cell medium-8 large-8 small-order-2 medium-order-1\"><h2>D\u00e9g\u00e9n\u00e9rescence maculaire<\/h2>\n<p style=\"font-weight: 400;\">Des <strong>possibilit\u00e9s de traitement pour la d\u00e9g\u00e9n\u00e9rescence maculaire s\u00e8che avanc\u00e9e<\/strong> sont enfin \u00e0 port\u00e9e de main.<\/p>\n<p style=\"font-weight: 400;\">Si vous souffrez d&rsquo;une d\u00e9g\u00e9n\u00e9rescence maculaire s\u00e8che et souhaitez des \u00e9claircissements suppl\u00e9mentaires, vous recevrez volontiers des informations compl\u00e9mentaires par <a href=\"mailto:info@augenklinik-bern.ch\">e-mail<\/a>. Pour plus d&rsquo;informations, voir <a href=\"https:\/\/augenklinik-bern.ch\/fr\/patients\/maladies-des-yeux\/amd-und-geographische-atrophie\/\">Atrophie g\u00e9ographique<\/a>.<\/p>\n<\/div>\n\t  <div class=\"cell medium-4 large-4 small-order-1 medium-order-2\">\n\t  \t\t\t\t\t\t\t\t\t<div class=\"singleImg\">\n\t\t\t\t\t\t<img decoding=\"async\" alt=\"\" title=\"\" class=\"bt-img\" src=\"https:\/\/augenklinik-bern.ch\/wp-content\/uploads\/forest-300x300.jpg\" \/>\n\t\t\t\t\t\t<div class=\"singleImgCaption\"><\/div>\n\t\t\t\t\t<\/div>\n\t\t\t\t\t\t\t\t\n\t  <\/div>\n\t<\/div>\n","protected":false},"excerpt":{"rendered":"","protected":false},"author":2,"featured_media":0,"parent":0,"menu_order":3,"comment_status":"closed","ping_status":"open","template":"template-full-width-teaser.php","meta":{"_acf_changed":false,"footnotes":""},"class_list":["post-7876","page","type-page","status-publish","hentry"],"acf":[],"_links":{"self":[{"href":"https:\/\/augenklinik-bern.ch\/fr\/wp-json\/wp\/v2\/pages\/7876","targetHints":{"allow":["GET"]}}],"collection":[{"href":"https:\/\/augenklinik-bern.ch\/fr\/wp-json\/wp\/v2\/pages"}],"about":[{"href":"https:\/\/augenklinik-bern.ch\/fr\/wp-json\/wp\/v2\/types\/page"}],"author":[{"embeddable":true,"href":"https:\/\/augenklinik-bern.ch\/fr\/wp-json\/wp\/v2\/users\/2"}],"replies":[{"embeddable":true,"href":"https:\/\/augenklinik-bern.ch\/fr\/wp-json\/wp\/v2\/comments?post=7876"}],"version-history":[{"count":85,"href":"https:\/\/augenklinik-bern.ch\/fr\/wp-json\/wp\/v2\/pages\/7876\/revisions"}],"predecessor-version":[{"id":18816,"href":"https:\/\/augenklinik-bern.ch\/fr\/wp-json\/wp\/v2\/pages\/7876\/revisions\/18816"}],"wp:attachment":[{"href":"https:\/\/augenklinik-bern.ch\/fr\/wp-json\/wp\/v2\/media?parent=7876"}],"curies":[{"name":"wp","href":"https:\/\/api.w.org\/{rel}","templated":true}]}}