{"id":7858,"date":"2020-04-30T14:56:53","date_gmt":"2020-04-30T12:56:53","guid":{"rendered":"https:\/\/augenklinik-bern.ch\/?page_id=7858"},"modified":"2024-05-01T15:03:28","modified_gmt":"2024-05-01T13:03:28","slug":"telechargements","status":"publish","type":"page","link":"https:\/\/augenklinik-bern.ch\/fr\/patients\/telechargements\/","title":{"rendered":"T\u00e9lechargements"},"content":{"rendered":"\n<p>Vous pouvez t\u00e9l\u00e9charger les documents suivants, en cliquant sur le lien correspondant.<\/p>\n\n\n\n<ul class=\"wp-block-list\">\n<li>Information sur <strong>l\u2019enregistrement de maladies tumorales<\/strong><br><a href=\"https:\/\/augenklinik-bern.ch\/wp-content\/uploads\/Registrierung_Tumorerkrankungen22.pdf\" target=\"_blank\" rel=\"noreferrer noopener\">Download PDF (71 kB)<\/a> (fichier en allemand)<\/li>\n<\/ul>\n\n\n\n<ul class=\"wp-block-list\">\n<li><strong><strong>D\u00e9claration relative \u00e0 la protection des donn\u00e9es<\/strong> <\/strong>pour les donn\u00e9es des patients<br><a href=\"https:\/\/augenklinik-bern.ch\/wp-content\/uploads\/BA_Datenschutzerklaerung_FR2024.pdf\" target=\"_blank\" rel=\"noreferrer noopener\">Download PDF (295 kB)<\/a><\/li>\n<\/ul>\n\n\n\n<ul class=\"wp-block-list\">\n<li>Fiche d\u2019information pour les<strong> patients \u00e9trangers<\/strong><br><a href=\"https:\/\/augenklinik-bern.ch\/wp-content\/uploads\/Merkblatt-Auslander-FR.pdf\" target=\"_blank\" rel=\"noreferrer noopener\">Download PDF (312 kB)<\/a><\/li>\n<\/ul>\n","protected":false},"excerpt":{"rendered":"<p>Vous pouvez t\u00e9l\u00e9charger les documents suivants, en cliquant sur le lien correspondant.<\/p>\n","protected":false},"author":2,"featured_media":15467,"parent":7811,"menu_order":5,"comment_status":"closed","ping_status":"closed","template":"","meta":{"_acf_changed":false,"footnotes":""},"class_list":["post-7858","page","type-page","status-publish","has-post-thumbnail","hentry"],"acf":[],"_links":{"self":[{"href":"https:\/\/augenklinik-bern.ch\/fr\/wp-json\/wp\/v2\/pages\/7858","targetHints":{"allow":["GET"]}}],"collection":[{"href":"https:\/\/augenklinik-bern.ch\/fr\/wp-json\/wp\/v2\/pages"}],"about":[{"href":"https:\/\/augenklinik-bern.ch\/fr\/wp-json\/wp\/v2\/types\/page"}],"author":[{"embeddable":true,"href":"https:\/\/augenklinik-bern.ch\/fr\/wp-json\/wp\/v2\/users\/2"}],"replies":[{"embeddable":true,"href":"https:\/\/augenklinik-bern.ch\/fr\/wp-json\/wp\/v2\/comments?post=7858"}],"version-history":[{"count":17,"href":"https:\/\/augenklinik-bern.ch\/fr\/wp-json\/wp\/v2\/pages\/7858\/revisions"}],"predecessor-version":[{"id":17471,"href":"https:\/\/augenklinik-bern.ch\/fr\/wp-json\/wp\/v2\/pages\/7858\/revisions\/17471"}],"up":[{"embeddable":true,"href":"https:\/\/augenklinik-bern.ch\/fr\/wp-json\/wp\/v2\/pages\/7811"}],"wp:featuredmedia":[{"embeddable":true,"href":"https:\/\/augenklinik-bern.ch\/fr\/wp-json\/wp\/v2\/media\/15467"}],"wp:attachment":[{"href":"https:\/\/augenklinik-bern.ch\/fr\/wp-json\/wp\/v2\/media?parent=7858"}],"curies":[{"name":"wp","href":"https:\/\/api.w.org\/{rel}","templated":true}]}}