{"id":7849,"date":"2020-04-30T14:49:15","date_gmt":"2020-04-30T12:49:57","guid":{"rendered":"https:\/\/augenklinik-bern.ch\/?page_id=7849"},"modified":"2025-09-09T10:29:54","modified_gmt":"2025-09-09T08:29:54","slug":"couts","status":"publish","type":"page","link":"https:\/\/augenklinik-bern.ch\/fr\/patients\/couts\/","title":{"rendered":"Co\u00fbts"},"content":{"rendered":"\n<p>La classe d\u2019assurance ne joue aucun r\u00f4le pour la consultation. La facture de nos prestations est directement envoy\u00e9e \u00e9lectroniquement via MediData (entreprise de distribution) \u00e0 la caisse-maladie. Celle-ci nous r\u00e8gle la facture du m\u00e9decin directement. Les assur\u00e9s re\u00e7oivent de la part de l\u2019assurance-maladie une facture avec franchise et quote-part \u00e0 titre d\u2019information. Certaines caisses d\u2019assurance maladie ne sont pas reli\u00e9es \u00e0 ce syst\u00e8me. Dans ces cas, la facture du m\u00e9decin est envoy\u00e9e aux assur\u00e9s pour paiement. Un remboursement peut \u00eatre demand\u00e9 \u00e0 la caisse-maladie \u00e0 l\u2019aide du justificatif de remboursement.<\/p>\n","protected":false},"excerpt":{"rendered":"<p>La classe d\u2019assurance ne joue aucun r\u00f4le pour la consultation. La facture de nos prestations est directement envoy\u00e9e \u00e9lectroniquement via MediData (entreprise de distribution) \u00e0 la caisse-maladie. Celle-ci nous r\u00e8gle la facture du m\u00e9decin directement. Les assur\u00e9s re\u00e7oivent de la part de l\u2019assurance-maladie une facture avec franchise et quote-part \u00e0 titre d\u2019information. Certaines caisses d\u2019assurance<a class=\"excerpt-read-more\" href=\"https:\/\/augenklinik-bern.ch\/fr\/patients\/couts\/\" title=\"ReadCo\u00fbts\">&#8230; Read more &raquo;<\/a><\/p>\n","protected":false},"author":2,"featured_media":15485,"parent":7811,"menu_order":3,"comment_status":"closed","ping_status":"closed","template":"","meta":{"_acf_changed":false,"footnotes":""},"class_list":["post-7849","page","type-page","status-publish","has-post-thumbnail","hentry"],"acf":[],"_links":{"self":[{"href":"https:\/\/augenklinik-bern.ch\/fr\/wp-json\/wp\/v2\/pages\/7849","targetHints":{"allow":["GET"]}}],"collection":[{"href":"https:\/\/augenklinik-bern.ch\/fr\/wp-json\/wp\/v2\/pages"}],"about":[{"href":"https:\/\/augenklinik-bern.ch\/fr\/wp-json\/wp\/v2\/types\/page"}],"author":[{"embeddable":true,"href":"https:\/\/augenklinik-bern.ch\/fr\/wp-json\/wp\/v2\/users\/2"}],"replies":[{"embeddable":true,"href":"https:\/\/augenklinik-bern.ch\/fr\/wp-json\/wp\/v2\/comments?post=7849"}],"version-history":[{"count":4,"href":"https:\/\/augenklinik-bern.ch\/fr\/wp-json\/wp\/v2\/pages\/7849\/revisions"}],"predecessor-version":[{"id":18367,"href":"https:\/\/augenklinik-bern.ch\/fr\/wp-json\/wp\/v2\/pages\/7849\/revisions\/18367"}],"up":[{"embeddable":true,"href":"https:\/\/augenklinik-bern.ch\/fr\/wp-json\/wp\/v2\/pages\/7811"}],"wp:featuredmedia":[{"embeddable":true,"href":"https:\/\/augenklinik-bern.ch\/fr\/wp-json\/wp\/v2\/media\/15485"}],"wp:attachment":[{"href":"https:\/\/augenklinik-bern.ch\/fr\/wp-json\/wp\/v2\/media?parent=7849"}],"curies":[{"name":"wp","href":"https:\/\/api.w.org\/{rel}","templated":true}]}}