{"id":7821,"date":"2020-04-30T14:35:15","date_gmt":"2020-04-30T12:35:35","guid":{"rendered":"https:\/\/augenklinik-bern.ch\/?page_id=7821"},"modified":"2024-11-01T08:26:20","modified_gmt":"2024-11-01T06:26:20","slug":"generalites","status":"publish","type":"page","link":"https:\/\/augenklinik-bern.ch\/fr\/patients\/generalites\/","title":{"rendered":"G\u00e9n\u00e9ralit\u00e9s"},"content":{"rendered":"\n<p>Celui-ci peut \u00e9ventuellement \u00eatre aussi li\u00e9 \u00e0 une maladie g\u00e9n\u00e9rale ou \u00e0 son traitement. Notre but consiste \u00e0 \u00e9laborer avec vous un traitement correspondant \u00e0 vos besoins. <\/p>\n\n\n\n<p>Les patients qui nous sont adress\u00e9s le sont souvent dans l\u2019urgence, voire dans des situations d\u2019urgence absolue qui n\u00e9cessitent un traitement en l\u2019espace de quelques heures. Il n\u2019est donc pas possible de planifier avec exactitude les rendez-vous, et il peut toujours se produire des retards et des attentes.<\/p>\n\n\n\n<p>L\u2019accent est mis sur le <strong>diagnostic et le traitement<\/strong> des <strong>alt\u00e9rations inflammatoires, vasculaires ou li\u00e9es \u00e0 l\u2019\u00e2ge<\/strong> ainsi que des<strong> autres affections de la r\u00e9tine et des tableaux cliniques complexes<\/strong>.<\/p>\n\n\n\n<p>Gr\u00e2ce \u00e0 une technologie adapt\u00e9e en permanence et aussi \u00e0 la participation \u00e0 des formations et \u00e0 des \u00e9tudes nationales et internationales, le patient a <strong>acc\u00e8s aux examens et aux th\u00e9rapies les plus r\u00e9cents<\/strong>.<\/p>\n\n\n\t<div class=\"grid-x grid-margin-x grid-padding-x block-bild-text le medium-margin-collapse\">\n\t  <div class=\"cell medium-4 large-4\">\n\t  \t\t\t\t\t\t\t\t\t\t<div class=\"singleImg\">\n\t\t\t\t\t\t<img decoding=\"async\" alt=\"\" title=\"\" class=\"bt-img\" src=\"https:\/\/augenklinik-bern.ch\/wp-content\/uploads\/socialmedia-300x300.jpg\" \/>\n\t\t\t\t\t\t<div class=\"singleImgCaption\"><\/div>\n\t\t\t\t\t<\/div>\n\t\t\t\t\t\t\t\t\n\t  \n\t  <\/div>\n\t  <div class=\"cell medium-8 large-8\"><h2><b class=\"b5\">Restez<\/b><b class=\"b4\"> i<\/b><b class=\"b3\">nform\u00e9<\/b><\/h2>\n<p><strong>Instagram News:<\/strong><br \/>\n<a href=\"https:\/\/instagram.com\/berner__augenklinik\/\" target=\"_blank\" rel=\"noopener\">instagram.com\/berner__augenklinik<\/a><\/p>\n<p><strong>Linkedin:<\/strong><br \/>\n<a href=\"https:\/\/linkedin.com\/company\/berner-augenklinik\" target=\"_blank\" rel=\"noopener\">linkedin.com\/company\/berner-augenklinik<\/a><\/p>\n<\/div>\n\t<\/div>\n","protected":false},"excerpt":{"rendered":"<p>Celui-ci peut \u00e9ventuellement \u00eatre aussi li\u00e9 \u00e0 une maladie g\u00e9n\u00e9rale ou \u00e0 son traitement. Notre but consiste \u00e0 \u00e9laborer avec vous un traitement correspondant \u00e0 vos besoins. Les patients qui nous sont adress\u00e9s le sont souvent dans l\u2019urgence, voire dans des situations d\u2019urgence absolue qui n\u00e9cessitent un traitement en l\u2019espace de quelques heures. Il n\u2019est<a class=\"excerpt-read-more\" href=\"https:\/\/augenklinik-bern.ch\/fr\/patients\/generalites\/\" title=\"ReadG\u00e9n\u00e9ralit\u00e9s\">&#8230; Read more &raquo;<\/a><\/p>\n","protected":false},"author":2,"featured_media":17769,"parent":7811,"menu_order":0,"comment_status":"closed","ping_status":"closed","template":"","meta":{"_acf_changed":false,"footnotes":""},"class_list":["post-7821","page","type-page","status-publish","has-post-thumbnail","hentry"],"acf":[],"_links":{"self":[{"href":"https:\/\/augenklinik-bern.ch\/fr\/wp-json\/wp\/v2\/pages\/7821","targetHints":{"allow":["GET"]}}],"collection":[{"href":"https:\/\/augenklinik-bern.ch\/fr\/wp-json\/wp\/v2\/pages"}],"about":[{"href":"https:\/\/augenklinik-bern.ch\/fr\/wp-json\/wp\/v2\/types\/page"}],"author":[{"embeddable":true,"href":"https:\/\/augenklinik-bern.ch\/fr\/wp-json\/wp\/v2\/users\/2"}],"replies":[{"embeddable":true,"href":"https:\/\/augenklinik-bern.ch\/fr\/wp-json\/wp\/v2\/comments?post=7821"}],"version-history":[{"count":9,"href":"https:\/\/augenklinik-bern.ch\/fr\/wp-json\/wp\/v2\/pages\/7821\/revisions"}],"predecessor-version":[{"id":17982,"href":"https:\/\/augenklinik-bern.ch\/fr\/wp-json\/wp\/v2\/pages\/7821\/revisions\/17982"}],"up":[{"embeddable":true,"href":"https:\/\/augenklinik-bern.ch\/fr\/wp-json\/wp\/v2\/pages\/7811"}],"wp:featuredmedia":[{"embeddable":true,"href":"https:\/\/augenklinik-bern.ch\/fr\/wp-json\/wp\/v2\/media\/17769"}],"wp:attachment":[{"href":"https:\/\/augenklinik-bern.ch\/fr\/wp-json\/wp\/v2\/media?parent=7821"}],"curies":[{"name":"wp","href":"https:\/\/api.w.org\/{rel}","templated":true}]}}