{"id":7800,"date":"2020-04-30T14:26:32","date_gmt":"2020-04-30T12:26:32","guid":{"rendered":"https:\/\/augenklinik-bern.ch\/?page_id=7800"},"modified":"2020-04-30T14:28:24","modified_gmt":"2020-04-30T12:28:24","slug":"team","status":"publish","type":"page","link":"https:\/\/augenklinik-bern.ch\/fr\/team\/","title":{"rendered":"Team"},"content":{"rendered":"\n<p>Depuis lors, l\u2019\u00e9quipe a constamment \u00e9volu\u00e9 afin de tenir compte des besoins des m\u00e9decins r\u00e9f\u00e9rents et des patients qui nous sont r\u00e9f\u00e9r\u00e9s, ainsi que pour faire face \u00e0 la demande croissante d\u2019examens et de traitements. Au sein de l\u2019\u00e9quipe, nous accordons une grande importance \u00e0 ce que tout collaborateur puisse apporter \u00e9galement ses capacit\u00e9s et ses tendances personnelles. Le respect mutuel et l\u2019assistance r\u00e9ciproque nous tiennent \u00e0 c\u0153ur.<\/p>\n","protected":false},"excerpt":{"rendered":"<p>Depuis lors, l\u2019\u00e9quipe a constamment \u00e9volu\u00e9 afin de tenir compte des besoins des m\u00e9decins r\u00e9f\u00e9rents et des patients qui nous sont r\u00e9f\u00e9r\u00e9s, ainsi que pour faire face \u00e0 la demande croissante d\u2019examens et de traitements. Au sein de l\u2019\u00e9quipe, nous accordons une grande importance \u00e0 ce que tout collaborateur puisse apporter \u00e9galement ses capacit\u00e9s et<a class=\"excerpt-read-more\" href=\"https:\/\/augenklinik-bern.ch\/fr\/team\/\" title=\"ReadTeam\">&#8230; Read more &raquo;<\/a><\/p>\n","protected":false},"author":2,"featured_media":0,"parent":0,"menu_order":6,"comment_status":"closed","ping_status":"closed","template":"template-mitarbeiter.php","meta":{"_acf_changed":false,"footnotes":""},"class_list":["post-7800","page","type-page","status-publish","hentry"],"acf":[],"_links":{"self":[{"href":"https:\/\/augenklinik-bern.ch\/fr\/wp-json\/wp\/v2\/pages\/7800","targetHints":{"allow":["GET"]}}],"collection":[{"href":"https:\/\/augenklinik-bern.ch\/fr\/wp-json\/wp\/v2\/pages"}],"about":[{"href":"https:\/\/augenklinik-bern.ch\/fr\/wp-json\/wp\/v2\/types\/page"}],"author":[{"embeddable":true,"href":"https:\/\/augenklinik-bern.ch\/fr\/wp-json\/wp\/v2\/users\/2"}],"replies":[{"embeddable":true,"href":"https:\/\/augenklinik-bern.ch\/fr\/wp-json\/wp\/v2\/comments?post=7800"}],"version-history":[{"count":4,"href":"https:\/\/augenklinik-bern.ch\/fr\/wp-json\/wp\/v2\/pages\/7800\/revisions"}],"predecessor-version":[{"id":7807,"href":"https:\/\/augenklinik-bern.ch\/fr\/wp-json\/wp\/v2\/pages\/7800\/revisions\/7807"}],"wp:attachment":[{"href":"https:\/\/augenklinik-bern.ch\/fr\/wp-json\/wp\/v2\/media?parent=7800"}],"curies":[{"name":"wp","href":"https:\/\/api.w.org\/{rel}","templated":true}]}}