{"id":7784,"date":"2019-11-02T19:29:15","date_gmt":"2019-11-02T17:29:01","guid":{"rendered":"https:\/\/augenklinik-bern.ch\/uber-uns\/forschung\/"},"modified":"2023-05-01T12:40:57","modified_gmt":"2023-05-01T10:40:57","slug":"recherche","status":"publish","type":"page","link":"https:\/\/augenklinik-bern.ch\/fr\/a-propos\/recherche\/","title":{"rendered":"Recherche"},"content":{"rendered":"\n<h2 class=\"wp-block-heading\">Enseignement, recherche et d\u00e9veloppement<\/h2>\n\n\n\n<p>Nous participons r\u00e9guli\u00e8rement \u00e0 des \u00e9tudes nationales et internationales. L\u2019ambition de notre activit\u00e9 scientifique est d\u2019am\u00e9liorer les possibilit\u00e9s de diagnostic et de traitement, sans consid\u00e9ration d\u2019int\u00e9r\u00eats \u00e9conomiques.<\/p>\n\n\n\n<p>Si en tant que patient-e, vous souffrez d\u2019une affection que nous \u00e9tudions, et si vous remplissez les crit\u00e8res sp\u00e9cifiques pour participer \u00e0 une \u00e9tude, nous pourrions \u00eatre amen\u00e9s \u00e0 \u00e9voquer votre \u00e9ventuelle participation. Il va de soi que vous vous verrez prodiguer une information compl\u00e8te sur les avantages et les inconv\u00e9nients ainsi que sur les b\u00e9n\u00e9fices et les risques. Nous ne cherchons pas des \u00abcobayes\u00bb. Toutes les \u00e9tudes r\u00e9alis\u00e9es au sein de notre clinique sont officiellement enregistr\u00e9es, autoris\u00e9es et test\u00e9es quant \u00e0 leur s\u00e9curit\u00e9.<\/p>\n\n\n\n<p>Les personnes participant \u00e0 l\u2019\u00e9tude sont contr\u00f4l\u00e9es en permanence et le traitement est modifi\u00e9 si n\u00e9cessaire.<\/p>\n\n\n\n<p>Nous ne sommes cependant pas d\u00e9\u00e7us si vous nous indiquez que vous n\u2019\u00eates pas pr\u00eat-e \u00e0 participer \u00e0 une \u00e9tude. Il n\u2019en r\u00e9sulte aucun d\u00e9savantage pour vous.<\/p>\n\n\n\n<p>Pour toute question que vous pourriez avoir concernant une \u00e9tude en cours, n\u2019h\u00e9sitez pas \u00e0 vous adresser aux collaboratrices et collaborateurs de la clinique.<\/p>\n","protected":false},"excerpt":{"rendered":"<p>Enseignement, recherche et d\u00e9veloppement Nous participons r\u00e9guli\u00e8rement \u00e0 des \u00e9tudes nationales et internationales. L\u2019ambition de notre activit\u00e9 scientifique est d\u2019am\u00e9liorer les possibilit\u00e9s de diagnostic et de traitement, sans consid\u00e9ration d\u2019int\u00e9r\u00eats \u00e9conomiques. Si en tant que patient-e, vous souffrez d\u2019une affection que nous \u00e9tudions, et si vous remplissez les crit\u00e8res sp\u00e9cifiques pour participer \u00e0 une \u00e9tude,<a class=\"excerpt-read-more\" href=\"https:\/\/augenklinik-bern.ch\/fr\/a-propos\/recherche\/\" title=\"ReadRecherche\">&#8230; Read more &raquo;<\/a><\/p>\n","protected":false},"author":2,"featured_media":15452,"parent":7756,"menu_order":4,"comment_status":"closed","ping_status":"closed","template":"","meta":{"_acf_changed":false,"footnotes":""},"class_list":["post-7784","page","type-page","status-publish","has-post-thumbnail","hentry"],"acf":[],"_links":{"self":[{"href":"https:\/\/augenklinik-bern.ch\/fr\/wp-json\/wp\/v2\/pages\/7784","targetHints":{"allow":["GET"]}}],"collection":[{"href":"https:\/\/augenklinik-bern.ch\/fr\/wp-json\/wp\/v2\/pages"}],"about":[{"href":"https:\/\/augenklinik-bern.ch\/fr\/wp-json\/wp\/v2\/types\/page"}],"author":[{"embeddable":true,"href":"https:\/\/augenklinik-bern.ch\/fr\/wp-json\/wp\/v2\/users\/2"}],"replies":[{"embeddable":true,"href":"https:\/\/augenklinik-bern.ch\/fr\/wp-json\/wp\/v2\/comments?post=7784"}],"version-history":[{"count":3,"href":"https:\/\/augenklinik-bern.ch\/fr\/wp-json\/wp\/v2\/pages\/7784\/revisions"}],"predecessor-version":[{"id":7797,"href":"https:\/\/augenklinik-bern.ch\/fr\/wp-json\/wp\/v2\/pages\/7784\/revisions\/7797"}],"up":[{"embeddable":true,"href":"https:\/\/augenklinik-bern.ch\/fr\/wp-json\/wp\/v2\/pages\/7756"}],"wp:featuredmedia":[{"embeddable":true,"href":"https:\/\/augenklinik-bern.ch\/fr\/wp-json\/wp\/v2\/media\/15452"}],"wp:attachment":[{"href":"https:\/\/augenklinik-bern.ch\/fr\/wp-json\/wp\/v2\/media?parent=7784"}],"curies":[{"name":"wp","href":"https:\/\/api.w.org\/{rel}","templated":true}]}}