{"id":7762,"date":"2020-04-29T20:32:07","date_gmt":"2020-04-29T18:32:07","guid":{"rendered":"https:\/\/augenklinik-bern.ch\/?page_id=7762"},"modified":"2023-05-01T15:35:47","modified_gmt":"2023-05-01T13:35:47","slug":"strategie","status":"publish","type":"page","link":"https:\/\/augenklinik-bern.ch\/fr\/a-propos\/strategie\/","title":{"rendered":"Strat\u00e9gie"},"content":{"rendered":"\n<h2 class=\"wp-block-heading\">Strat\u00e9gie<\/h2>\n\n\n\n<p>Gr\u00e2ce \u00e0 des examens cibl\u00e9s, nous recueillons des informations de la meilleure qualit\u00e9 possible pour \u00e9valuer la situation d\u2019ensemble du patient. C\u2019est sur cette base que nous d\u00e9terminons la meilleure strat\u00e9gie th\u00e9rapeutique possible et \u00e9valuons la r\u00e9ussite du traitement.<\/p>\n\n\n\n<p>Notre objectif est d\u2019apporter une r\u00e9ponse compl\u00e8te \u00e0 nos patients et leurs m\u00e9decins r\u00e9f\u00e9rents dans un d\u00e9lai raisonnable compte tenu des circonstances.<\/p>\n","protected":false},"excerpt":{"rendered":"<p>Strat\u00e9gie Gr\u00e2ce \u00e0 des examens cibl\u00e9s, nous recueillons des informations de la meilleure qualit\u00e9 possible pour \u00e9valuer la situation d\u2019ensemble du patient. C\u2019est sur cette base que nous d\u00e9terminons la meilleure strat\u00e9gie th\u00e9rapeutique possible et \u00e9valuons la r\u00e9ussite du traitement. Notre objectif est d\u2019apporter une r\u00e9ponse compl\u00e8te \u00e0 nos patients et leurs m\u00e9decins r\u00e9f\u00e9rents dans<a class=\"excerpt-read-more\" href=\"https:\/\/augenklinik-bern.ch\/fr\/a-propos\/strategie\/\" title=\"ReadStrat\u00e9gie\">&#8230; Read more &raquo;<\/a><\/p>\n","protected":false},"author":2,"featured_media":15416,"parent":7756,"menu_order":0,"comment_status":"closed","ping_status":"closed","template":"","meta":{"_acf_changed":false,"footnotes":""},"class_list":["post-7762","page","type-page","status-publish","has-post-thumbnail","hentry"],"acf":[],"_links":{"self":[{"href":"https:\/\/augenklinik-bern.ch\/fr\/wp-json\/wp\/v2\/pages\/7762","targetHints":{"allow":["GET"]}}],"collection":[{"href":"https:\/\/augenklinik-bern.ch\/fr\/wp-json\/wp\/v2\/pages"}],"about":[{"href":"https:\/\/augenklinik-bern.ch\/fr\/wp-json\/wp\/v2\/types\/page"}],"author":[{"embeddable":true,"href":"https:\/\/augenklinik-bern.ch\/fr\/wp-json\/wp\/v2\/users\/2"}],"replies":[{"embeddable":true,"href":"https:\/\/augenklinik-bern.ch\/fr\/wp-json\/wp\/v2\/comments?post=7762"}],"version-history":[{"count":2,"href":"https:\/\/augenklinik-bern.ch\/fr\/wp-json\/wp\/v2\/pages\/7762\/revisions"}],"predecessor-version":[{"id":7764,"href":"https:\/\/augenklinik-bern.ch\/fr\/wp-json\/wp\/v2\/pages\/7762\/revisions\/7764"}],"up":[{"embeddable":true,"href":"https:\/\/augenklinik-bern.ch\/fr\/wp-json\/wp\/v2\/pages\/7756"}],"wp:featuredmedia":[{"embeddable":true,"href":"https:\/\/augenklinik-bern.ch\/fr\/wp-json\/wp\/v2\/media\/15416"}],"wp:attachment":[{"href":"https:\/\/augenklinik-bern.ch\/fr\/wp-json\/wp\/v2\/media?parent=7762"}],"curies":[{"name":"wp","href":"https:\/\/api.w.org\/{rel}","templated":true}]}}