{"id":18694,"date":"2026-03-11T11:20:53","date_gmt":"2026-03-11T09:20:53","guid":{"rendered":"https:\/\/augenklinik-bern.ch\/?page_id=18694"},"modified":"2026-03-11T11:20:53","modified_gmt":"2026-03-11T09:20:53","slug":"dans-les-coulisses","status":"publish","type":"page","link":"https:\/\/augenklinik-bern.ch\/fr\/a-propos\/dans-les-coulisses\/","title":{"rendered":"Dans les coulisses"},"content":{"rendered":"\n<p>Notre film promotionnel vous donne un aper\u00e7u du quotidien de notre clinique, de nos valeurs et de notre travail quotidien. D\u00e9couvrez notre \u00e9quipe engag\u00e9e et apprenez ce qui fait la particularit\u00e9 de notre clinique ophtalmologique. (Actuellement disponible uniquement en allemand)<\/p>\n\n\n\n<figure class=\"wp-block-embed is-type-video is-provider-youtube wp-block-embed-youtube wp-embed-aspect-16-9 wp-has-aspect-ratio\"><div class=\"wp-block-embed__wrapper\">\n<iframe loading=\"lazy\" title=\"Berner Augenklinik - Herzlich Willkommen\" width=\"1200\" height=\"675\" src=\"https:\/\/www.youtube.com\/embed\/wlKizanCm-I?feature=oembed\" frameborder=\"0\" allow=\"accelerometer; autoplay; clipboard-write; encrypted-media; gyroscope; picture-in-picture; web-share\" referrerpolicy=\"strict-origin-when-cross-origin\" allowfullscreen><\/iframe>\n<\/div><\/figure>\n","protected":false},"excerpt":{"rendered":"<p>Notre film promotionnel vous donne un aper\u00e7u du quotidien de notre clinique, de nos valeurs et de notre travail quotidien. D\u00e9couvrez notre \u00e9quipe engag\u00e9e et apprenez ce qui fait la particularit\u00e9 de notre clinique ophtalmologique. (Actuellement disponible uniquement en allemand)<\/p>\n","protected":false},"author":3,"featured_media":0,"parent":7756,"menu_order":3,"comment_status":"closed","ping_status":"closed","template":"","meta":{"_acf_changed":false,"footnotes":""},"class_list":["post-18694","page","type-page","status-publish","hentry"],"acf":[],"_links":{"self":[{"href":"https:\/\/augenklinik-bern.ch\/fr\/wp-json\/wp\/v2\/pages\/18694","targetHints":{"allow":["GET"]}}],"collection":[{"href":"https:\/\/augenklinik-bern.ch\/fr\/wp-json\/wp\/v2\/pages"}],"about":[{"href":"https:\/\/augenklinik-bern.ch\/fr\/wp-json\/wp\/v2\/types\/page"}],"author":[{"embeddable":true,"href":"https:\/\/augenklinik-bern.ch\/fr\/wp-json\/wp\/v2\/users\/3"}],"replies":[{"embeddable":true,"href":"https:\/\/augenklinik-bern.ch\/fr\/wp-json\/wp\/v2\/comments?post=18694"}],"version-history":[{"count":2,"href":"https:\/\/augenklinik-bern.ch\/fr\/wp-json\/wp\/v2\/pages\/18694\/revisions"}],"predecessor-version":[{"id":18696,"href":"https:\/\/augenklinik-bern.ch\/fr\/wp-json\/wp\/v2\/pages\/18694\/revisions\/18696"}],"up":[{"embeddable":true,"href":"https:\/\/augenklinik-bern.ch\/fr\/wp-json\/wp\/v2\/pages\/7756"}],"wp:attachment":[{"href":"https:\/\/augenklinik-bern.ch\/fr\/wp-json\/wp\/v2\/media?parent=18694"}],"curies":[{"name":"wp","href":"https:\/\/api.w.org\/{rel}","templated":true}]}}