{"id":18394,"date":"2025-09-26T12:38:32","date_gmt":"2025-09-26T10:38:42","guid":{"rendered":"https:\/\/augenklinik-bern.ch\/patients\/maladies-des-yeux\/trockene-augen\/"},"modified":"2025-09-26T16:25:25","modified_gmt":"2025-09-26T14:25:25","slug":"trockene-augen","status":"publish","type":"page","link":"https:\/\/augenklinik-bern.ch\/fr\/patients\/maladies-des-yeux\/trockene-augen\/","title":{"rendered":"Yeux secs"},"content":{"rendered":"\n<p><strong>\u00c7a br\u00fble et \u00e7a larmoie \u2013 pourquoi parle-t-on alors d\u2019yeux secs et non d\u2019yeux humides ?<\/strong><\/p>\n\n\n\n<p>Les \u00ab yeux secs \u00bb apparaissent lorsque la conjonctive et la corn\u00e9e ne sont pas suffisamment humidifi\u00e9es par le film lacrymal. Cela peut \u00eatre d\u00fb \u00e0 un d\u00e9ficit en larmes ou \u00e0 une mauvaise composition du film lacrymal.<br>Le film lacrymal, compos\u00e9 de plusieurs couches aqueuses et lipidiques, maintient la surface de l\u2019\u0153il humide. Une r\u00e9partition homog\u00e8ne est essentielle pour assurer une vision durable sans g\u00eane. Si ce n\u2019est pas le cas, une inflammation chronique des paupi\u00e8res et de la surface oculaire peut survenir.<\/p>\n\n\n\n<p><strong>Quelles sont les causes possibles de l\u2019\u0153il sec ?<\/strong><\/p>\n\n\n\n<p>Un \u0153il sec peut r\u00e9sulter de nombreuses causes. La production de larmes diminue avec l\u2019\u00e2ge. Les femmes sont plus souvent touch\u00e9es que les hommes en raison des influences hormonales, en particulier apr\u00e8s la m\u00e9nopause. Certaines maladies g\u00e9n\u00e9rales comme le diab\u00e8te ou des affections rhumatologiques, ainsi que de nombreuses maladies cutan\u00e9es, peuvent \u00e9galement provoquer une s\u00e9cheresse oculaire.<\/p>\n\n\n\n<p>La conjonctive, qui participe \u00e0 la production du film lacrymal, fait partie du syst\u00e8me immunitaire complexe du corps. Ainsi, de nombreuses maladies immunologiques ou allergiques peuvent causer ou aggraver la s\u00e9cheresse oculaire. Les m\u00e9dicaments \u2013 notamment les psychotropes, les somnif\u00e8res ou les b\u00eatabloquants \u2013 de m\u00eame que l\u2019alcool et le tabac, peuvent accentuer ces effets secondaires.<br>Notre environnement joue \u00e9galement un r\u00f4le important : l\u2019air sec d\u00fb au chauffage ou \u00e0 la climatisation favorise l\u2019\u00e9vaporation du film lacrymal. C\u2019est pourquoi les sympt\u00f4mes sont souvent plus marqu\u00e9s en hiver qu\u2019en \u00e9t\u00e9. Les courants d\u2019air, la ventilation automobile, les cabines d\u2019avion ou encore la fum\u00e9e de cigarette favorisent aussi l\u2019\u00e9vaporation des larmes. Le travail prolong\u00e9 sur \u00e9cran perturbe \u00e9galement le film lacrymal en r\u00e9duisant la fr\u00e9quence du clignement.<\/p>\n\n\n\n<p>Deux heures quotidiennes devant un \u00e9cran suffisent \u00e0 irriter les yeux. En temps normal, nous clignons 3 \u00e0 4 fois par minute. En fixant un \u00e9cran, la fr\u00e9quence de clignement diminue car les yeux restent concentr\u00e9s sur un point pr\u00e9cis. Peu importe qu\u2019il s\u2019agisse d\u2019un smartphone, d\u2019un ordinateur portable ou d\u2019une tablette : le r\u00e9sultat est le m\u00eame \u2013 yeux rouges, douloureux, rapidement fatigu\u00e9s, vision floue, maux de t\u00eate, douleurs cervicales et dorsales.<\/p>\n\n\n\n<p><strong>Comment reconna\u00eetre des yeux secs ?<\/strong><\/p>\n\n\n\n<ul class=\"wp-block-list\">\n<li>Fatigue oculaire, sensation de lourdeur<\/li>\n\n\n\n<li>Rougeur des yeux<\/li>\n\n\n\n<li>Br\u00fblures ou douleurs<\/li>\n\n\n\n<li>Photophobie<\/li>\n\n\n\n<li>Sensation de sable ou de corps \u00e9tranger<\/li>\n\n\n\n<li>Larmoiement par vent ou climatisation<\/li>\n\n\n\n<li>G\u00eane \u00e0 l\u2019ouverture des yeux le matin<\/li>\n<\/ul>\n\n\n\n<p><strong>Comment diagnostiquer l\u2019\u0153il sec ?<\/strong><\/p>\n\n\n\n<p>En cas de suspicion de s\u00e9cheresse oculaire, on recherche un trouble qualitatif ou quantitatif du film lacrymal. Le temps de rupture du film lacrymal est mesur\u00e9 apr\u00e8s instillation de fluoresc\u00e9ine, afin d\u2019\u00e9valuer sa stabilit\u00e9. Le test de Schirmer permet de mesurer la quantit\u00e9 de larmes produites gr\u00e2ce \u00e0 une bandelette de papier filtre plac\u00e9e dans le cul-de-sac conjonctival. \u00c0 la lampe \u00e0 fente (biomicroscope), on examine en d\u00e9tail les paupi\u00e8res, la conjonctive et la corn\u00e9e.<\/p>\n\n\n\n<p><strong>Comment traiter les yeux secs ?<\/strong><\/p>\n\n\n\n<p>Trockene Augen zu behandeln, ist schwierig, aber auch effektiv.<\/p>\n\n\n\n<p>Traiter l\u2019\u0153il sec est difficile, mais reste efficace.<\/p>\n\n\n\n<p>Les yeux peuvent n\u00e9cessiter un apport suppl\u00e9mentaire en humidit\u00e9 (lentilles de contact, travail sur \u00e9cran, ant\u00e9c\u00e9dents d\u2019herp\u00e8s oculaire, rosac\u00e9e, air sec). Cet apport est assur\u00e9 par les larmes artificielles, \u00e0 instiller plusieurs fois par jour. Cela pr\u00e9vient d\u2019\u00e9ventuelles complications. Un bouchon lacrymal temporaire (Punctum Plug) peut \u00e9galement apporter un soulagement.<\/p>\n\n\n\n<p>Un autre aspect important est l\u2019hygi\u00e8ne palp\u00e9brale :<\/p>\n\n\n\n<ul class=\"wp-block-list\">\n<li>Compresses chaudes et humides<\/li>\n\n\n\n<li>Massage des paupi\u00e8res pour lib\u00e9rer les s\u00e9cr\u00e9tions<\/li>\n<\/ul>\n\n\n\n<p>Les glandes de Meibomius produisent la couche lipidique du film lacrymal, qui le stabilise et le prot\u00e8ge de l\u2019\u00e9vaporation. En cas de dysfonctionnement des glandes de Meibomius (MDD), les sympt\u00f4mes de s\u00e9cheresse s\u2019accentuent :<\/p>\n\n\n\n<ul class=\"wp-block-list\">\n<li>Br\u00fblures, d\u00e9mangeaisons, fatigue visuelle<\/li>\n\n\n\n<li>Larmoiement excessif<\/li>\n\n\n\n<li>Sensation de corps \u00e9tranger<\/li>\n\n\n\n<li>Paupi\u00e8res rouges, gonfl\u00e9es et coll\u00e9es<\/li>\n<\/ul>\n\n\n\n<p>Dans ce cas, il est recommand\u00e9 d\u2019\u00e9viter les lentilles de contact et l\u2019exc\u00e8s de maquillage autour des yeux.<\/p>\n\n\n\n<p><strong>Que pouvez-vous faire vous-m\u00eame ?<\/strong><\/p>\n\n\n\n<ul class=\"wp-block-list\">\n<li>Faire des pauses devant les \u00e9crans et cligner volontairement (3 fois par jour, 20 clignements serr\u00e9s)<\/li>\n\n\n\n<li>Boire suffisamment (2\u20133 litres\/jour)<\/li>\n\n\n\n<li>\u00c9viter la fum\u00e9e de tabac<\/li>\n\n\n\n<li>Adopter une alimentation \u00e9quilibr\u00e9e<\/li>\n<\/ul>\n\n\n\n<p>Avec un traitement adapt\u00e9, les yeux secs \u00e9voluent g\u00e9n\u00e9ralement favorablement, bien que les sympt\u00f4mes puissent fortement affecter la vie quotidienne.<\/p>\n\n\n\n<p><strong>Avez-vous les yeux secs ?<\/strong><\/p>\n\n\n\n<p>Dans notre consultation sp\u00e9cialis\u00e9e \u201cSicca\u201d, nous analysons vos sympt\u00f4mes en d\u00e9tail et d\u00e9terminons le traitement le plus appropri\u00e9. Voici deux possibilit\u00e9s propos\u00e9es (apr\u00e8s analyse individuelle) :<\/p>\n\n\n\n<h2 class=\"wp-block-heading\"><strong>Consultation sp\u00e9cialis\u00e9e<\/strong> <br><strong>Lunettes chauffantes Blephasteam\u00ae<\/strong><\/h2>\n\n\n\n<p>Avec une micro-brosse rotative imbib\u00e9e d\u2019une solution nettoyante sp\u00e9ciale, les d\u00e9p\u00f4ts sur les bords des paupi\u00e8res sont \u00e9limin\u00e9s m\u00e9caniquement. Cela permet de d\u00e9boucher les glandes de Meibomius et de r\u00e9duire les squames et bact\u00e9ries responsables de l\u2019inflammation.<br>Un soulagement net est souvent ressenti d\u00e8s la premi\u00e8re s\u00e9ance.<\/p>\n\n\n\n<p>Non pris en charge par l\u2019assurance maladie. Co\u00fbt par s\u00e9ance (jusqu\u2019en mars 2026) : 80 CHF.<\/p>\n\n\n\n<p>Merci d\u2019\u00e9viter le maquillage des yeux avant la consultation.<\/p>\n\n\n\n<h2 class=\"wp-block-heading\">Consultation sp\u00e9cialis\u00e9e<br><strong>Lunettes chauffantes Blephasteam\u00ae<\/strong><\/h2>\n\n\n\n<p>Les lunettes chauffantes diffusent un air chaud et humide sur les paupi\u00e8res, favorisant la fluidification des s\u00e9cr\u00e9tions des glandes. Apr\u00e8s le traitement vapeur, les paupi\u00e8res sont nettoy\u00e9es avec une solution sp\u00e9cifique, puis mass\u00e9es. \u00c0 la lampe \u00e0 fente, les glandes sont exprim\u00e9es manuellement afin de r\u00e9tablir l\u2019\u00e9coulement du meibum.<\/p>\n\n\n\n<p>Non pris en charge par l\u2019assurance maladie. Co\u00fbt par s\u00e9ance (jusqu\u2019en mars 2026) : 50 CHF.<\/p>\n\n\n\n<p>Am\u00e9lioration des sympt\u00f4mes suivants :<\/p>\n\n\n\n<ul class=\"wp-block-list\">\n<li>D\u00e9mangeaisons<\/li>\n\n\n\n<li>S\u00e9cheresse oculaire<\/li>\n\n\n\n<li>Sensation de corps \u00e9tranger<\/li>\n\n\n\n<li>Inconfort oculaire<\/li>\n\n\n\n<li>Larmoiement<\/li>\n<\/ul>\n\n\n\n<p>Merci d\u2019\u00e9viter le maquillage des yeux avant la consultation.<\/p>\n\n\n\n<h2 class=\"wp-block-heading\"><br>Avec des yeux secs, vous \u00eates entre de bonnes mains chez nous \u2013 notre \u00e9quipe comp\u00e9tente vous conseille personnellement et vous propose un traitement adapt\u00e9 et efficace.<\/h2>\n","protected":false},"excerpt":{"rendered":"<p>\u00c7a br\u00fble et \u00e7a larmoie \u2013 pourquoi parle-t-on alors d\u2019yeux secs et non d\u2019yeux humides ? Les \u00ab yeux secs \u00bb apparaissent lorsque la conjonctive et la corn\u00e9e ne sont pas suffisamment humidifi\u00e9es par le film lacrymal. Cela peut \u00eatre d\u00fb \u00e0 un d\u00e9ficit en larmes ou \u00e0 une mauvaise composition du film lacrymal.Le film<a class=\"excerpt-read-more\" href=\"https:\/\/augenklinik-bern.ch\/fr\/patients\/maladies-des-yeux\/trockene-augen\/\" title=\"ReadYeux secs\">&#8230; Read more &raquo;<\/a><\/p>\n","protected":false},"author":1,"featured_media":18433,"parent":7867,"menu_order":8,"comment_status":"closed","ping_status":"closed","template":"template-full-width-teaser.php","meta":{"_acf_changed":false,"footnotes":""},"class_list":["post-18394","page","type-page","status-publish","has-post-thumbnail","hentry"],"acf":[],"_links":{"self":[{"href":"https:\/\/augenklinik-bern.ch\/fr\/wp-json\/wp\/v2\/pages\/18394","targetHints":{"allow":["GET"]}}],"collection":[{"href":"https:\/\/augenklinik-bern.ch\/fr\/wp-json\/wp\/v2\/pages"}],"about":[{"href":"https:\/\/augenklinik-bern.ch\/fr\/wp-json\/wp\/v2\/types\/page"}],"author":[{"embeddable":true,"href":"https:\/\/augenklinik-bern.ch\/fr\/wp-json\/wp\/v2\/users\/1"}],"replies":[{"embeddable":true,"href":"https:\/\/augenklinik-bern.ch\/fr\/wp-json\/wp\/v2\/comments?post=18394"}],"version-history":[{"count":1,"href":"https:\/\/augenklinik-bern.ch\/fr\/wp-json\/wp\/v2\/pages\/18394\/revisions"}],"predecessor-version":[{"id":18396,"href":"https:\/\/augenklinik-bern.ch\/fr\/wp-json\/wp\/v2\/pages\/18394\/revisions\/18396"}],"up":[{"embeddable":true,"href":"https:\/\/augenklinik-bern.ch\/fr\/wp-json\/wp\/v2\/pages\/7867"}],"wp:featuredmedia":[{"embeddable":true,"href":"https:\/\/augenklinik-bern.ch\/fr\/wp-json\/wp\/v2\/media\/18433"}],"wp:attachment":[{"href":"https:\/\/augenklinik-bern.ch\/fr\/wp-json\/wp\/v2\/media?parent=18394"}],"curies":[{"name":"wp","href":"https:\/\/api.w.org\/{rel}","templated":true}]}}