{"id":18114,"date":"2025-03-11T17:56:32","date_gmt":"2025-03-11T15:56:12","guid":{"rendered":"https:\/\/augenklinik-bern.ch\/patients\/pat_feedback\/"},"modified":"2025-03-12T11:29:09","modified_gmt":"2025-03-12T09:29:09","slug":"pat_feedback","status":"publish","type":"page","link":"https:\/\/augenklinik-bern.ch\/fr\/patients\/pat_feedback\/","title":{"rendered":"Feedback des patients"},"content":{"rendered":"\n<h2 class=\"wp-block-heading\">Avez-vous eu un rendez-vous chez nous ou \u00e9tiez-vous en contact avec notre \u00e9quipe et souhaitez-vous nous faire part de vos impressions ?<\/h2>\n\n\n\n<p>N\u2019h\u00e9sitez pas \u00e0 nous contacter \u00e0 <a href=\"mailto:feedback@augenklinik-bern.ch\">feedback@augenklinik-bern.ch<\/a>.<\/p>\n\n\n\n<p>Nous appr\u00e9cions aussi bien les retours positifs que les critiques constructives, car il nous tient \u00e0 c\u0153ur de vous offrir non seulement des soins m\u00e9dicaux de qualit\u00e9, mais aussi un accompagnement humain et personnalis\u00e9.<\/p>\n\n\n\n<p><strong>Votre retour nous aide \u00e0 nous am\u00e9liorer \u2013 merci de prendre le temps de nous \u00e9crire !<\/strong><\/p>\n","protected":false},"excerpt":{"rendered":"<p>Avez-vous eu un rendez-vous chez nous ou \u00e9tiez-vous en contact avec notre \u00e9quipe et souhaitez-vous nous faire part de vos impressions ? N\u2019h\u00e9sitez pas \u00e0 nous contacter \u00e0 feedback@augenklinik-bern.ch. Nous appr\u00e9cions aussi bien les retours positifs que les critiques constructives, car il nous tient \u00e0 c\u0153ur de vous offrir non seulement des soins m\u00e9dicaux de<a class=\"excerpt-read-more\" href=\"https:\/\/augenklinik-bern.ch\/fr\/patients\/pat_feedback\/\" title=\"ReadFeedback des patients\">&#8230; Read more &raquo;<\/a><\/p>\n","protected":false},"author":1,"featured_media":15485,"parent":7811,"menu_order":2,"comment_status":"closed","ping_status":"closed","template":"","meta":{"_acf_changed":false,"footnotes":""},"class_list":["post-18114","page","type-page","status-publish","has-post-thumbnail","hentry"],"acf":[],"_links":{"self":[{"href":"https:\/\/augenklinik-bern.ch\/fr\/wp-json\/wp\/v2\/pages\/18114","targetHints":{"allow":["GET"]}}],"collection":[{"href":"https:\/\/augenklinik-bern.ch\/fr\/wp-json\/wp\/v2\/pages"}],"about":[{"href":"https:\/\/augenklinik-bern.ch\/fr\/wp-json\/wp\/v2\/types\/page"}],"author":[{"embeddable":true,"href":"https:\/\/augenklinik-bern.ch\/fr\/wp-json\/wp\/v2\/users\/1"}],"replies":[{"embeddable":true,"href":"https:\/\/augenklinik-bern.ch\/fr\/wp-json\/wp\/v2\/comments?post=18114"}],"version-history":[{"count":2,"href":"https:\/\/augenklinik-bern.ch\/fr\/wp-json\/wp\/v2\/pages\/18114\/revisions"}],"predecessor-version":[{"id":18117,"href":"https:\/\/augenklinik-bern.ch\/fr\/wp-json\/wp\/v2\/pages\/18114\/revisions\/18117"}],"up":[{"embeddable":true,"href":"https:\/\/augenklinik-bern.ch\/fr\/wp-json\/wp\/v2\/pages\/7811"}],"wp:featuredmedia":[{"embeddable":true,"href":"https:\/\/augenklinik-bern.ch\/fr\/wp-json\/wp\/v2\/media\/15485"}],"wp:attachment":[{"href":"https:\/\/augenklinik-bern.ch\/fr\/wp-json\/wp\/v2\/media?parent=18114"}],"curies":[{"name":"wp","href":"https:\/\/api.w.org\/{rel}","templated":true}]}}