{"id":11395,"date":"2021-02-12T16:14:32","date_gmt":"2021-02-12T14:14:43","guid":{"rendered":"https:\/\/augenklinik-bern.ch\/patients\/maladies-des-yeux\/netzhautriss\/"},"modified":"2022-08-07T14:37:01","modified_gmt":"2022-08-07T12:37:01","slug":"dechirure-de-la-retine","status":"publish","type":"page","link":"https:\/\/augenklinik-bern.ch\/fr\/patients\/maladies-des-yeux\/dechirure-de-la-retine\/","title":{"rendered":"D\u00e9chirure de la r\u00e9tine"},"content":{"rendered":"\n\n\n\n<p>Traitement de la d\u00e9chirure r\u00e9tinienne au laser argon<\/p>\n\n\n\n\t<ul class=\"accordion\" data-accordion data-allow-all-closed=\"true\" data-multi-expand=\"true\">\n\t\n\t\t\t\t\t<li class=\"accordion-item grid-x grid-margin-x grid-padding-x\" data-accordion-item>\n\t\t\t\t<a href=\"#\" class=\"accordion-title small-12 medium-8 large-8 large-offset-4 medium-offset-4 cell\">INTRODUCTION<\/a>\n\t\t\t\t<div class=\"accordion-content\" data-tab-content>\n\t\t\t\t\t<div class=\"grid-x grid-margin-x grid-padding-x medium-margin-collapse\">\n\t\t\t\t\t\t\n\t\t\t\t\t\t<div class=\"accordion-img small-12 medium-4 large-4 cell\">\n\t\t\t\t\t\t\t\n\t\t\t\t\t\t\t\n\t\t\t\t\t\t<\/div>\n\t\t\t\t\t\t<div class=\"accordion-txt small-12 medium-8 large-8 cell\">\n\t\t\t\t\t<p><strong>Evolution probable avec traitement :<\/strong> pr\u00e9vention d&rsquo;un d\u00e9collement de la r\u00e9tine par \u00ab\u00a0soudure\u00a0\u00bb locale de la r\u00e9tine au support.<br \/>\n<strong>Evolution probable sans traitement :<\/strong> d\u00e9veloppement possible d&rsquo;un d\u00e9collement de la r\u00e9tine qui devra \u00eatre trait\u00e9 par une op\u00e9ration.<\/p>\n<p>Aucun autre traitement efficace n&rsquo;est connu \u00e0 ce jour.<\/p>\n\t\t\t\t\t\t<\/div>\n\t\t\t\t\t<\/div>\n\t\t\t\t<\/div>\n\t\t\t<\/li>\n\t\t\t\t\t<li class=\"accordion-item grid-x grid-margin-x grid-padding-x\" data-accordion-item>\n\t\t\t\t<a href=\"#\" class=\"accordion-title small-12 medium-8 large-8 large-offset-4 medium-offset-4 cell\">TRAITEMENT<\/a>\n\t\t\t\t<div class=\"accordion-content\" data-tab-content>\n\t\t\t\t\t<div class=\"grid-x grid-margin-x grid-padding-x medium-margin-collapse\">\n\t\t\t\t\t\t\n\t\t\t\t\t\t<div class=\"accordion-img small-12 medium-4 large-4 cell\">\n\t\t\t\t\t\t\t\t\t\t        \t\t\t\t            <div class=\"singleImg\">\n\t\t\t\t              <img decoding=\"async\" src=\"https:\/\/augenklinik-bern.ch\/wp-content\/uploads\/netzhautriss1-300x300.jpg\" alt=\"Schema Netzhautriss\" \/>\n\t\t\t\t               <div class=\"singleImgCaption\"><\/div>\n\t\t\t\t            <\/div>\n\t\t\t\t        \t\t\t\t            <div class=\"singleImg\">\n\t\t\t\t              <img decoding=\"async\" src=\"https:\/\/augenklinik-bern.ch\/wp-content\/uploads\/netzhautriss2-300x300.jpg\" alt=\"Schema Netzhautriss\" \/>\n\t\t\t\t               <div class=\"singleImgCaption\"><\/div>\n\t\t\t\t            <\/div>\n\t\t\t\t        \t\t\t\t\t\t\t\t\n\t\t\t\t\t\t\t\n\t\t\t\t\t\t<\/div>\n\t\t\t\t\t\t<div class=\"accordion-txt small-12 medium-8 large-8 cell\">\n\t\t\t\t\t<p>Le traitement se fait en position assise, l&rsquo;\u0153il est rendu insensible par des gouttes anesth\u00e9siantes. Au moyen d\u2019un \u00ab\u00a0laser argon\u00a0\u00bb, une lumi\u00e8re verte est envoy\u00e9e de mani\u00e8re cibl\u00e9e dans l&rsquo;\u0153il, \u00e0 travers un verre de contact. Les impacts lumineux cibl\u00e9es sur la r\u00e9tine provoquent la cicatrisation souhait\u00e9e. Le traitement est g\u00e9n\u00e9ralement effectu\u00e9 en plusieurs s\u00e9ances. Le traitement au laser est un \u00ab\u00a0traitement par lumi\u00e8re\u00a0\u00bb et non \u00a0par irradiation. Le m\u00e9decin traitant d\u00e9termine le plan de traitement et de soins n\u00e9cessaires apr\u00e8s l&rsquo;op\u00e9ration.<\/p>\n\t\t\t\t\t\t<\/div>\n\t\t\t\t\t<\/div>\n\t\t\t\t<\/div>\n\t\t\t<\/li>\n\t\t\t\t\t<li class=\"accordion-item grid-x grid-margin-x grid-padding-x\" data-accordion-item>\n\t\t\t\t<a href=\"#\" class=\"accordion-title small-12 medium-8 large-8 large-offset-4 medium-offset-4 cell\">COMPLICATIONS<\/a>\n\t\t\t\t<div class=\"accordion-content\" data-tab-content>\n\t\t\t\t\t<div class=\"grid-x grid-margin-x grid-padding-x medium-margin-collapse\">\n\t\t\t\t\t\t\n\t\t\t\t\t\t<div class=\"accordion-img small-12 medium-4 large-4 cell\">\n\t\t\t\t\t\t\t\n\t\t\t\t\t\t\t\n\t\t\t\t\t\t<\/div>\n\t\t\t\t\t\t<div class=\"accordion-txt small-12 medium-8 large-8 cell\">\n\t\t\t\t\t<p>Il arrive parfois que de petits saignements se produisent pendant le traitement au laser, mais ils se r\u00e9sorbent d&rsquo;eux-m\u00eames. Le traitement au laser peut \u00eatre un peu douloureux, mais cela varie consid\u00e9rablement d&rsquo;un patient \u00e0 l&rsquo;autre.<\/p>\n<p>Complications \u00e9ventuelles, sp\u00e9cifiques \u00e0 l&rsquo;op\u00e9ration : Tr\u00e8s rarement, le traitement au laser peut entra\u00eener l&rsquo;exsudation de cellules de tissu conjonctif dans l&rsquo;\u0153il. Celles-ci peuvent alors former une fine membrane devant la r\u00e9tine centrale, ce qui peut entra\u00eener une diminution de l&rsquo;acuit\u00e9 visuelle. En cas de g\u00eane subjective, cette membrane peut \u00eatre retir\u00e9e chirurgicalement.<\/p>\n\t\t\t\t\t\t<\/div>\n\t\t\t\t\t<\/div>\n\t\t\t\t<\/div>\n\t\t\t<\/li>\n\t\t\t\n\t<\/ul>\n\n","protected":false},"excerpt":{"rendered":"<p>Traitement de la d\u00e9chirure r\u00e9tinienne au laser argon<\/p>\n","protected":false},"author":1,"featured_media":0,"parent":7867,"menu_order":4,"comment_status":"closed","ping_status":"closed","template":"template-full-width-teaser.php","meta":{"_acf_changed":false,"footnotes":""},"class_list":["post-11395","page","type-page","status-publish","hentry"],"acf":[],"_links":{"self":[{"href":"https:\/\/augenklinik-bern.ch\/fr\/wp-json\/wp\/v2\/pages\/11395","targetHints":{"allow":["GET"]}}],"collection":[{"href":"https:\/\/augenklinik-bern.ch\/fr\/wp-json\/wp\/v2\/pages"}],"about":[{"href":"https:\/\/augenklinik-bern.ch\/fr\/wp-json\/wp\/v2\/types\/page"}],"author":[{"embeddable":true,"href":"https:\/\/augenklinik-bern.ch\/fr\/wp-json\/wp\/v2\/users\/1"}],"replies":[{"embeddable":true,"href":"https:\/\/augenklinik-bern.ch\/fr\/wp-json\/wp\/v2\/comments?post=11395"}],"version-history":[{"count":3,"href":"https:\/\/augenklinik-bern.ch\/fr\/wp-json\/wp\/v2\/pages\/11395\/revisions"}],"predecessor-version":[{"id":11401,"href":"https:\/\/augenklinik-bern.ch\/fr\/wp-json\/wp\/v2\/pages\/11395\/revisions\/11401"}],"up":[{"embeddable":true,"href":"https:\/\/augenklinik-bern.ch\/fr\/wp-json\/wp\/v2\/pages\/7867"}],"wp:attachment":[{"href":"https:\/\/augenklinik-bern.ch\/fr\/wp-json\/wp\/v2\/media?parent=11395"}],"curies":[{"name":"wp","href":"https:\/\/api.w.org\/{rel}","templated":true}]}}